{"id":2393,"date":"2018-06-06T16:13:51","date_gmt":"2018-06-06T16:13:51","guid":{"rendered":"https:\/\/rodenasrivera.com\/company\/nuestros-recursos\/"},"modified":"2022-01-28T11:14:25","modified_gmt":"2022-01-28T11:14:25","slug":"our-resources","status":"publish","type":"page","link":"https:\/\/rodenasrivera.com\/en\/company\/our-resources\/","title":{"rendered":"Our Resources"},"content":{"rendered":"\n<style type=\"text\/css\" data-created_by=\"avia_inline_auto\" id=\"style-css-av-32yf5f-92646ccd46930705bce50f72659731b3\">\n.avia-section.av-32yf5f-92646ccd46930705bce50f72659731b3{\nbackground-repeat:no-repeat;\nbackground-image:url(https:\/\/rodenasrivera.com\/wp-content\/uploads\/2018\/06\/foto-aerea-instalaciones.jpg);\nbackground-position:50% 50%;\nbackground-attachment:scroll;\n}\n.avia-section.av-32yf5f-92646ccd46930705bce50f72659731b3 .av-section-color-overlay{\nopacity:0.5;\nbackground-color:#0a0a0a;\n}\n<\/style>\n<div id='cabecera'  class='avia-section av-32yf5f-92646ccd46930705bce50f72659731b3 main_color avia-section-large avia-no-border-styling  avia-builder-el-0  el_before_av_section  avia-builder-el-first  gradient avia-full-stretch avia-bg-style-scroll av-section-color-overlay-active av-minimum-height av-minimum-height-custom av-height-custom  container_wrap sidebar_right'  data-section-bg-repeat='stretch' data-av_minimum_height_px='180'><div class=\"av-section-color-overlay-wrap\"><div class=\"av-section-color-overlay\"><\/div><div class='container av-section-cont-open' style='height:180px'><main  role=\"main\" itemprop=\"mainContentOfPage\"  class='template-page content  av-content-small alpha units'><div class='post-entry post-entry-type-page post-entry-2393'><div class='entry-content-wrapper clearfix'>\n<\/div><\/div><\/main><!-- close content main element --><\/div><\/div><\/div>\n<style type=\"text\/css\" data-created_by=\"avia_inline_auto\" id=\"style-css-av-2wy7yz-619a20f17a6ebeb012cf064d77f910b1\">\n.avia-section.av-2wy7yz-619a20f17a6ebeb012cf064d77f910b1 .av-extra-border-element .av-extra-border-inner{\nbackground-color:#ffffff;\n}\n<\/style>\n<div id='av_section_2'  class='avia-section av-2wy7yz-619a20f17a6ebeb012cf064d77f910b1 main_color avia-section-large avia-no-border-styling  avia-builder-el-1  el_after_av_section  el_before_av_section  avia-bg-style-scroll av-arrow-down-section container_wrap sidebar_right'  ><div class='container av-section-cont-open' ><div class='template-page content  av-content-small alpha units'><div class='post-entry post-entry-type-page post-entry-2393'><div class='entry-content-wrapper clearfix'>\n\n<style type=\"text\/css\" data-created_by=\"avia_inline_auto\" id=\"style-css-av-2nzxcj-deaf96ea9f1c09a57c98d5fdefe8b88f\">\n#top .hr.hr-invisible.av-2nzxcj-deaf96ea9f1c09a57c98d5fdefe8b88f{\nheight:10px;\n}\n<\/style>\n<div  class='hr av-2nzxcj-deaf96ea9f1c09a57c98d5fdefe8b88f hr-invisible  avia-builder-el-2  el_before_av_one_half  avia-builder-el-first '><span class='hr-inner '><span class=\"hr-inner-style\"><\/span><\/span><\/div>\n\n<style type=\"text\/css\" data-created_by=\"avia_inline_auto\" id=\"style-css-av-2msqkb-6a71864d4d59556b7a5f0848a6b72523\">\n.flex_column.av-2msqkb-6a71864d4d59556b7a5f0848a6b72523{\nborder-radius:0px 0px 0px 0px;\npadding:0px 0px 0px 0px;\n}\n<\/style>\n<div  class='flex_column av-2msqkb-6a71864d4d59556b7a5f0848a6b72523 av_one_half  avia-builder-el-3  el_after_av_hr  el_before_av_one_fourth  first flex_column_div av-zero-column-padding  '     ><p>\n<style type=\"text\/css\" data-created_by=\"avia_inline_auto\" id=\"style-css-av-kmepjxay-72ffd13dba22321dcd4cf6370457d419\">\n#top .av-special-heading.av-kmepjxay-72ffd13dba22321dcd4cf6370457d419{\npadding-bottom:10px;\ncolor:#0a0a0a;\nfont-size:25px;\n}\nbody .av-special-heading.av-kmepjxay-72ffd13dba22321dcd4cf6370457d419 .av-special-heading-tag .heading-char{\nfont-size:25px;\n}\n#top #wrap_all .av-special-heading.av-kmepjxay-72ffd13dba22321dcd4cf6370457d419 .av-special-heading-tag{\nfont-size:25px;\n}\n.av-special-heading.av-kmepjxay-72ffd13dba22321dcd4cf6370457d419 .special-heading-inner-border{\nborder-color:#0a0a0a;\n}\n.av-special-heading.av-kmepjxay-72ffd13dba22321dcd4cf6370457d419 .av-subheading{\nfont-size:15px;\n}\n\n@media only screen and (min-width: 480px) and (max-width: 767px){ \n#top #wrap_all .av-special-heading.av-kmepjxay-72ffd13dba22321dcd4cf6370457d419 .av-special-heading-tag{\nfont-size:0.8em;\n}\n}\n\n@media only screen and (max-width: 479px){ \n#top #wrap_all .av-special-heading.av-kmepjxay-72ffd13dba22321dcd4cf6370457d419 .av-special-heading-tag{\nfont-size:0.8em;\n}\n}\n<\/style>\n<div  class='av-special-heading av-kmepjxay-72ffd13dba22321dcd4cf6370457d419 av-special-heading-h2 custom-color-heading blockquote modern-quote  avia-builder-el-4  el_before_av_hr  avia-builder-el-first  av-thin-font av-inherit-size'><h2 class='av-special-heading-tag'  itemprop=\"headline\"  ><strong>Production<\/strong> processes<\/h2><div class=\"special-heading-border\"><div class=\"special-heading-inner-border\"><\/div><\/div><\/div><br \/>\n\n<style type=\"text\/css\" data-created_by=\"avia_inline_auto\" id=\"style-css-av-2azr6j-386f6d9ff58bfa25eb4a83324c62c75d\">\n#top .hr.av-2azr6j-386f6d9ff58bfa25eb4a83324c62c75d{\nmargin-top:0px;\nmargin-bottom:20px;\n}\n.hr.av-2azr6j-386f6d9ff58bfa25eb4a83324c62c75d .hr-inner{\nwidth:100%;\nborder-color:#ededed;\n}\n<\/style>\n<div  class='hr av-2azr6j-386f6d9ff58bfa25eb4a83324c62c75d hr-custom  avia-builder-el-5  el_after_av_heading  el_before_av_textblock  hr-left hr-icon-no'><span class='hr-inner inner-border-av-border-thin'><span class=\"hr-inner-style\"><\/span><\/span><\/div><br \/>\n<section  class='av_textblock_section av-24yc0r-578535a58017d5fb86b3facb7e82be21 '   itemscope=\"itemscope\" itemtype=\"https:\/\/schema.org\/CreativeWork\" ><div class='avia_textblock'  itemprop=\"text\" ><p>The global growth of R\u00f3denas &amp; Rivera has been accompanied by a continuous expansion of our facilities with the most modern and advanced technologies in all our production areas<\/p>\n<\/div><\/section><\/p><\/div>\n<style type=\"text\/css\" data-created_by=\"avia_inline_auto\" id=\"style-css-av-1wqscz-0a79dd3940e807be44e3c89f37125dbf\">\n.flex_column.av-1wqscz-0a79dd3940e807be44e3c89f37125dbf{\nborder-radius:0px 0px 0px 0px;\npadding:0px 0px 0px 0px;\n}\n<\/style>\n<div  class='flex_column av-1wqscz-0a79dd3940e807be44e3c89f37125dbf av_one_fourth  avia-builder-el-7  el_after_av_one_half  el_before_av_one_fourth  flex_column_div av-zero-column-padding  '     ><style type=\"text\/css\" data-created_by=\"avia_inline_auto\" id=\"style-css-av-1sizur-c8f1007562f981dc476639a56b4dff30\">\n.avia-image-container.av-1sizur-c8f1007562f981dc476639a56b4dff30 img.avia_image{\nbox-shadow:none;\n}\n.avia-image-container.av-1sizur-c8f1007562f981dc476639a56b4dff30 .av-image-caption-overlay-center{\ncolor:#ffffff;\n}\n<\/style>\n<div  class='avia-image-container av-1sizur-c8f1007562f981dc476639a56b4dff30 av-styling- avia-align-center  avia-builder-el-8  avia-builder-el-no-sibling '   itemprop=\"image\" itemscope=\"itemscope\" itemtype=\"https:\/\/schema.org\/ImageObject\" ><div class=\"avia-image-container-inner\"><div class=\"avia-image-overlay-wrap\"><img decoding=\"async\" fetchpriority=\"high\" class='wp-image-2085 avia-img-lazy-loading-not-2085 avia_image ' src=\"https:\/\/rodenasrivera.com\/wp-content\/uploads\/2019\/01\/MG_7024-845x684.jpg\" alt='' title='_MG_7024'  height=\"684\" width=\"845\"  itemprop=\"thumbnailUrl\" srcset=\"https:\/\/rodenasrivera.com\/wp-content\/uploads\/2019\/01\/MG_7024-845x684.jpg 845w, https:\/\/rodenasrivera.com\/wp-content\/uploads\/2019\/01\/MG_7024-495x400.jpg 495w\" sizes=\"(max-width: 845px) 100vw, 845px\" \/><\/div><\/div><\/div><\/div>\n<style type=\"text\/css\" data-created_by=\"avia_inline_auto\" id=\"style-css-av-1wqscz-0a79dd3940e807be44e3c89f37125dbf\">\n.flex_column.av-1wqscz-0a79dd3940e807be44e3c89f37125dbf{\nborder-radius:0px 0px 0px 0px;\npadding:0px 0px 0px 0px;\n}\n<\/style>\n<div  class='flex_column av-1wqscz-0a79dd3940e807be44e3c89f37125dbf av_one_fourth  avia-builder-el-9  el_after_av_one_fourth  avia-builder-el-last  flex_column_div av-zero-column-padding  '     ><style type=\"text\/css\" data-created_by=\"avia_inline_auto\" id=\"style-css-av-1sizur-6eea3ca72669a625a0cfa809e0396e27\">\n.avia-image-container.av-1sizur-6eea3ca72669a625a0cfa809e0396e27 img.avia_image{\nbox-shadow:none;\n}\n.avia-image-container.av-1sizur-6eea3ca72669a625a0cfa809e0396e27 .av-image-caption-overlay-center{\ncolor:#ffffff;\n}\n<\/style>\n<div  class='avia-image-container av-1sizur-6eea3ca72669a625a0cfa809e0396e27 av-styling- avia-align-center  avia-builder-el-10  avia-builder-el-no-sibling '   itemprop=\"image\" itemscope=\"itemscope\" itemtype=\"https:\/\/schema.org\/ImageObject\" ><div class=\"avia-image-container-inner\"><div class=\"avia-image-overlay-wrap\"><img decoding=\"async\" fetchpriority=\"high\" class='wp-image-2083 avia-img-lazy-loading-not-2083 avia_image ' src=\"https:\/\/rodenasrivera.com\/wp-content\/uploads\/2019\/01\/MG_6682-845x684.jpg\" alt='' title='_MG_6682'  height=\"684\" width=\"845\"  itemprop=\"thumbnailUrl\" srcset=\"https:\/\/rodenasrivera.com\/wp-content\/uploads\/2019\/01\/MG_6682-845x684.jpg 845w, https:\/\/rodenasrivera.com\/wp-content\/uploads\/2019\/01\/MG_6682-495x400.jpg 495w\" sizes=\"(max-width: 845px) 100vw, 845px\" \/><\/div><\/div><\/div><\/div><\/div><\/div><\/div><!-- close content main div --><\/div><div class='av-extra-border-element border-extra-arrow-down'><div class='av-extra-border-outer'><div class='av-extra-border-inner'><\/div><\/div><\/div><\/div>\n<style type=\"text\/css\" data-created_by=\"avia_inline_auto\" id=\"style-css-av-jrzl3x2r-29b75161dccc7d96c41c5f15fcc21d88\">\n.avia-section.av-jrzl3x2r-29b75161dccc7d96c41c5f15fcc21d88{\nbackground-color:#f6faf6;\nbackground-image:unset;\n}\n.avia-section.av-jrzl3x2r-29b75161dccc7d96c41c5f15fcc21d88 .av-extra-border-element .av-extra-border-inner{\nbackground-color:#f6faf6;\n}\n<\/style>\n<div id='av_section_3'  class='avia-section av-jrzl3x2r-29b75161dccc7d96c41c5f15fcc21d88 main_color avia-section-default avia-no-border-styling  avia-builder-el-11  el_after_av_section  el_before_av_section  avia-bg-style-scroll av-arrow-down-section container_wrap sidebar_right'  ><div class='container av-section-cont-open' ><div class='template-page content  av-content-small alpha units'><div class='post-entry post-entry-type-page post-entry-2393'><div class='entry-content-wrapper clearfix'>\n\n<style type=\"text\/css\" data-created_by=\"avia_inline_auto\" id=\"style-css-av-jrv6gqab-e1b1d482668b05d87d8448eaee73818b\">\n.avia-image-container.av-jrv6gqab-e1b1d482668b05d87d8448eaee73818b img.avia_image{\nbox-shadow:none;\n}\n.avia-image-container.av-jrv6gqab-e1b1d482668b05d87d8448eaee73818b .av-image-caption-overlay-center{\ncolor:#ffffff;\n}\n<\/style>\n<div  class='avia-image-container av-jrv6gqab-e1b1d482668b05d87d8448eaee73818b av-styling- avia-align-center  avia-builder-el-12  avia-builder-el-no-sibling '   itemprop=\"image\" itemscope=\"itemscope\" itemtype=\"https:\/\/schema.org\/ImageObject\" ><div class=\"avia-image-container-inner\"><div class=\"avia-image-overlay-wrap\"><img decoding=\"async\" fetchpriority=\"high\" class='wp-image-2397 avia-img-lazy-loading-not-2397 avia_image ' src=\"https:\/\/rodenasrivera.com\/wp-content\/uploads\/2021\/03\/integracion-vertical-rodenas-1.png\" alt='' title='integracion-vertical-rodenas-1'  height=\"334\" width=\"1921\"  itemprop=\"thumbnailUrl\" srcset=\"https:\/\/rodenasrivera.com\/wp-content\/uploads\/2021\/03\/integracion-vertical-rodenas-1.png 1921w, https:\/\/rodenasrivera.com\/wp-content\/uploads\/2021\/03\/integracion-vertical-rodenas-1-300x52.png 300w, https:\/\/rodenasrivera.com\/wp-content\/uploads\/2021\/03\/integracion-vertical-rodenas-1-1030x179.png 1030w, https:\/\/rodenasrivera.com\/wp-content\/uploads\/2021\/03\/integracion-vertical-rodenas-1-768x134.png 768w, https:\/\/rodenasrivera.com\/wp-content\/uploads\/2021\/03\/integracion-vertical-rodenas-1-1536x267.png 1536w, https:\/\/rodenasrivera.com\/wp-content\/uploads\/2021\/03\/integracion-vertical-rodenas-1-1500x261.png 1500w, https:\/\/rodenasrivera.com\/wp-content\/uploads\/2021\/03\/integracion-vertical-rodenas-1-705x123.png 705w\" sizes=\"(max-width: 1921px) 100vw, 1921px\" \/><\/div><\/div><\/div>\n<\/div><\/div><\/div><!-- close content main div --><\/div><div class='av-extra-border-element border-extra-arrow-down'><div class='av-extra-border-outer'><div class='av-extra-border-inner'><\/div><\/div><\/div><\/div><div id='av_section_4'  class='avia-section av-1f4dmj-11db9ef8cf4151ee99527da91ed9376a main_color avia-section-large avia-no-border-styling  avia-builder-el-13  el_after_av_section  avia-builder-el-last  avia-bg-style-scroll container_wrap sidebar_right'  ><div class='container av-section-cont-open' ><div class='template-page content  av-content-small alpha units'><div class='post-entry post-entry-type-page post-entry-2393'><div class='entry-content-wrapper clearfix'>\n\n<style type=\"text\/css\" data-created_by=\"avia_inline_auto\" id=\"style-css-av-3jl4r-bbbbb2f2b1283a044cfd01b5ecb0c779\">\n.flex_column.av-3jl4r-bbbbb2f2b1283a044cfd01b5ecb0c779{\nborder-radius:0px 0px 0px 0px;\npadding:0px 0px 0px 0px;\n}\n<\/style>\n<div  class='flex_column av-3jl4r-bbbbb2f2b1283a044cfd01b5ecb0c779 av_one_full  avia-builder-el-14  el_before_av_one_half  avia-builder-el-first  first flex_column_div av-zero-column-padding  '     ><p>\n<style type=\"text\/css\" data-created_by=\"avia_inline_auto\" id=\"style-css-av-kmepkymu-c387028f9900716b429ec8b975a61480\">\n#top .av-special-heading.av-kmepkymu-c387028f9900716b429ec8b975a61480{\npadding-bottom:10px;\ncolor:#0a0a0a;\nfont-size:25px;\n}\nbody .av-special-heading.av-kmepkymu-c387028f9900716b429ec8b975a61480 .av-special-heading-tag .heading-char{\nfont-size:25px;\n}\n#top #wrap_all .av-special-heading.av-kmepkymu-c387028f9900716b429ec8b975a61480 .av-special-heading-tag{\nfont-size:25px;\n}\n.av-special-heading.av-kmepkymu-c387028f9900716b429ec8b975a61480 .special-heading-inner-border{\nborder-color:#0a0a0a;\n}\n.av-special-heading.av-kmepkymu-c387028f9900716b429ec8b975a61480 .av-subheading{\nfont-size:15px;\n}\n\n@media only screen and (min-width: 480px) and (max-width: 767px){ \n#top #wrap_all .av-special-heading.av-kmepkymu-c387028f9900716b429ec8b975a61480 .av-special-heading-tag{\nfont-size:0.8em;\n}\n}\n\n@media only screen and (max-width: 479px){ \n#top #wrap_all .av-special-heading.av-kmepkymu-c387028f9900716b429ec8b975a61480 .av-special-heading-tag{\nfont-size:0.8em;\n}\n}\n<\/style>\n<div  class='av-special-heading av-kmepkymu-c387028f9900716b429ec8b975a61480 av-special-heading-h2 custom-color-heading blockquote modern-quote modern-centered  avia-builder-el-15  el_before_av_hr  avia-builder-el-first  av-thin-font av-inherit-size'><h2 class='av-special-heading-tag'  itemprop=\"headline\"  >Facilities, <strong>50.000sq<\/strong><\/h2><div class=\"special-heading-border\"><div class=\"special-heading-inner-border\"><\/div><\/div><\/div><br \/>\n\n<style type=\"text\/css\" data-created_by=\"avia_inline_auto\" id=\"style-css-av-jmqo3-bc6f18ab8e9117ce2db9aedf71ca445d\">\n#top .hr.av-jmqo3-bc6f18ab8e9117ce2db9aedf71ca445d{\nmargin-top:0px;\nmargin-bottom:20px;\n}\n.hr.av-jmqo3-bc6f18ab8e9117ce2db9aedf71ca445d .hr-inner{\nwidth:100%;\nborder-color:#ededed;\n}\n<\/style>\n<div  class='hr av-jmqo3-bc6f18ab8e9117ce2db9aedf71ca445d hr-custom  avia-builder-el-16  el_after_av_heading  el_before_av_textblock  hr-left hr-icon-no'><span class='hr-inner inner-border-av-border-thin'><span class=\"hr-inner-style\"><\/span><\/span><\/div><br \/>\n<section  class='av_textblock_section av-dg8mz-9f53aba9491abc7deade090175b46423 '   itemscope=\"itemscope\" itemtype=\"https:\/\/schema.org\/CreativeWork\" ><div class='avia_textblock'  itemprop=\"text\" ><p>All our facilities are at disposal of our clients. Rodenas works with the best professionals offering our knowledge in order to provide the best service. We want to grow together with our clients and suppliers. Nowadays, the company two different production centers located in Hell\u00edn with a global surface of around 50.000m2.<\/p>\n<\/div><\/section><\/p><\/div>\n<style type=\"text\/css\" data-created_by=\"avia_inline_auto\" id=\"style-css-av-16u5ij-e8bc03a3dbf77bc0b58ad762c082200e\">\n.flex_column.av-16u5ij-e8bc03a3dbf77bc0b58ad762c082200e{\nborder-radius:0px 0px 0px 0px;\npadding:0px 0px 0px 0px;\n}\n<\/style>\n<div  class='flex_column av-16u5ij-e8bc03a3dbf77bc0b58ad762c082200e av_one_half  avia-builder-el-18  el_after_av_one_full  el_before_av_one_half  first flex_column_div av-zero-column-padding  column-top-margin'     ><style type=\"text\/css\" data-created_by=\"avia_inline_auto\" id=\"style-css-av-15jpg3-de488aaa7ed6080b0584a78a9247fe85\">\n.avia-image-container.av-15jpg3-de488aaa7ed6080b0584a78a9247fe85 img.avia_image{\nbox-shadow:none;\n}\n.avia-image-container.av-15jpg3-de488aaa7ed6080b0584a78a9247fe85 .av-image-caption-overlay-center{\ncolor:#ffffff;\n}\n<\/style>\n<div  class='avia-image-container av-15jpg3-de488aaa7ed6080b0584a78a9247fe85 av-styling- avia-align-center  avia-builder-el-19  avia-builder-el-no-sibling  sombra'   itemprop=\"image\" itemscope=\"itemscope\" itemtype=\"https:\/\/schema.org\/ImageObject\" ><div class=\"avia-image-container-inner\"><div class=\"avia-image-overlay-wrap\"><img decoding=\"async\" fetchpriority=\"high\" class='wp-image-2394 avia-img-lazy-loading-not-2394 avia_image ' src=\"https:\/\/rodenasrivera.com\/wp-content\/uploads\/2018\/06\/foto-aerea-instalaciones-1000x430.jpg\" alt='' title='foto-aerea-instalaciones'  height=\"430\" width=\"1000\"  itemprop=\"thumbnailUrl\"  \/><\/div><\/div><\/div><\/div>\n<style type=\"text\/css\" data-created_by=\"avia_inline_auto\" id=\"style-css-av-16u5ij-f6099bc5799b1a30857684fbb97e0f66\">\n.flex_column.av-16u5ij-f6099bc5799b1a30857684fbb97e0f66{\nborder-radius:0px 0px 0px 0px;\npadding:0px 0px 0px 0px;\n}\n<\/style>\n<div  class='flex_column av-16u5ij-f6099bc5799b1a30857684fbb97e0f66 av_one_half  avia-builder-el-20  el_after_av_one_half  el_before_av_hr  flex_column_div av-zero-column-padding  column-top-margin'     ><style type=\"text\/css\" data-created_by=\"avia_inline_auto\" id=\"style-css-av-15jpg3-76550fef09f71a768c69fdf2a68160b9\">\n.avia-image-container.av-15jpg3-76550fef09f71a768c69fdf2a68160b9 img.avia_image{\nbox-shadow:none;\n}\n.avia-image-container.av-15jpg3-76550fef09f71a768c69fdf2a68160b9 .av-image-caption-overlay-center{\ncolor:#ffffff;\n}\n<\/style>\n<div  class='avia-image-container av-15jpg3-76550fef09f71a768c69fdf2a68160b9 av-styling- avia-align-center  avia-builder-el-21  avia-builder-el-no-sibling  sombra'   itemprop=\"image\" itemscope=\"itemscope\" itemtype=\"https:\/\/schema.org\/ImageObject\" ><div class=\"avia-image-container-inner\"><div class=\"avia-image-overlay-wrap\"><img decoding=\"async\" fetchpriority=\"high\" class='wp-image-703 avia-img-lazy-loading-not-703 avia_image ' src=\"https:\/\/rodenasrivera.com\/wp-content\/uploads\/2018\/06\/foto-aerea-poligono-1000x430.jpg\" alt='' title='foto-aerea-poligono'  height=\"430\" width=\"1000\"  itemprop=\"thumbnailUrl\"  \/><\/div><\/div><\/div><\/div>\n<style type=\"text\/css\" data-created_by=\"avia_inline_auto\" id=\"style-css-av-9jt2z-f4f9f59bb620cadeb4a68f1f1ae5f52d\">\n#top .hr.hr-invisible.av-9jt2z-f4f9f59bb620cadeb4a68f1f1ae5f52d{\nheight:20px;\n}\n<\/style>\n<div  class='hr av-9jt2z-f4f9f59bb620cadeb4a68f1f1ae5f52d hr-invisible  avia-builder-el-22  el_after_av_one_half  avia-builder-el-last '><span class='hr-inner '><span class=\"hr-inner-style\"><\/span><\/span><\/div>\n<\/div><\/div><\/div><!-- close content main div --><\/div><\/div><div id='after_section_4'  class='main_color av_default_container_wrap container_wrap sidebar_right'  ><div class='container av-section-cont-open' ><div class='template-page content  av-content-small alpha units'><div class='post-entry post-entry-type-page post-entry-2393'><div class='entry-content-wrapper clearfix'><\/p>\n","protected":false},"excerpt":{"rendered":"","protected":false},"author":1,"featured_media":0,"parent":2388,"menu_order":0,"comment_status":"closed","ping_status":"closed","template":"","meta":{"footnotes":""},"class_list":["post-2393","page","type-page","status-publish","hentry"],"yoast_head":"<!-- This site is optimized with the Yoast SEO plugin v25.2 - https:\/\/yoast.com\/wordpress\/plugins\/seo\/ -->\n<title>Our Resources | R\u00f3denas &amp; Rivera<\/title>\n<meta name=\"robots\" content=\"index, follow, max-snippet:-1, max-image-preview:large, max-video-preview:-1\" \/>\n<link rel=\"canonical\" href=\"https:\/\/rodenasrivera.com\/en\/company\/our-resources\/\" \/>\n<meta property=\"og:locale\" content=\"en_US\" \/>\n<meta property=\"og:type\" content=\"article\" \/>\n<meta property=\"og:title\" content=\"Our Resources | R\u00f3denas &amp; Rivera\" \/>\n<meta property=\"og:url\" content=\"https:\/\/rodenasrivera.com\/en\/company\/our-resources\/\" \/>\n<meta property=\"og:site_name\" content=\"R\u00f3denas &amp; Rivera\" \/>\n<meta property=\"article:modified_time\" content=\"2022-01-28T11:14:25+00:00\" \/>\n<meta name=\"twitter:card\" content=\"summary_large_image\" \/>\n<meta name=\"twitter:label1\" content=\"Est. reading time\" \/>\n\t<meta name=\"twitter:data1\" content=\"9 minutes\" \/>\n<script type=\"application\/ld+json\" class=\"yoast-schema-graph\">{\"@context\":\"https:\/\/schema.org\",\"@graph\":[{\"@type\":\"WebPage\",\"@id\":\"https:\/\/rodenasrivera.com\/en\/company\/our-resources\/\",\"url\":\"https:\/\/rodenasrivera.com\/en\/company\/our-resources\/\",\"name\":\"Our Resources | R\u00f3denas &amp; Rivera\",\"isPartOf\":{\"@id\":\"https:\/\/rodenasrivera.com\/#website\"},\"datePublished\":\"2018-06-06T16:13:51+00:00\",\"dateModified\":\"2022-01-28T11:14:25+00:00\",\"breadcrumb\":{\"@id\":\"https:\/\/rodenasrivera.com\/en\/company\/our-resources\/#breadcrumb\"},\"inLanguage\":\"en-US\",\"potentialAction\":[{\"@type\":\"ReadAction\",\"target\":[\"https:\/\/rodenasrivera.com\/en\/company\/our-resources\/\"]}]},{\"@type\":\"BreadcrumbList\",\"@id\":\"https:\/\/rodenasrivera.com\/en\/company\/our-resources\/#breadcrumb\",\"itemListElement\":[{\"@type\":\"ListItem\",\"position\":1,\"name\":\"Portada\",\"item\":\"https:\/\/rodenasrivera.com\/en\/home\/\"},{\"@type\":\"ListItem\",\"position\":2,\"name\":\"Company\",\"item\":\"https:\/\/rodenasrivera.com\/en\/company\/\"},{\"@type\":\"ListItem\",\"position\":3,\"name\":\"Our Resources\"}]},{\"@type\":\"WebSite\",\"@id\":\"https:\/\/rodenasrivera.com\/#website\",\"url\":\"https:\/\/rodenasrivera.com\/\",\"name\":\"R\u00f3denas &amp; Rivera\",\"description\":\"Transformaci\u00f3n de pl\u00e1sticos\",\"publisher\":{\"@id\":\"https:\/\/rodenasrivera.com\/#organization\"},\"potentialAction\":[{\"@type\":\"SearchAction\",\"target\":{\"@type\":\"EntryPoint\",\"urlTemplate\":\"https:\/\/rodenasrivera.com\/?s={search_term_string}\"},\"query-input\":{\"@type\":\"PropertyValueSpecification\",\"valueRequired\":true,\"valueName\":\"search_term_string\"}}],\"inLanguage\":\"en-US\"},{\"@type\":\"Organization\",\"@id\":\"https:\/\/rodenasrivera.com\/#organization\",\"name\":\"R\u00f3denas y Ribera S.A.\",\"url\":\"https:\/\/rodenasrivera.com\/\",\"logo\":{\"@type\":\"ImageObject\",\"inLanguage\":\"en-US\",\"@id\":\"https:\/\/rodenasrivera.com\/#\/schema\/logo\/image\/\",\"url\":\"https:\/\/rodenasrivera.com\/wp-content\/uploads\/2021\/03\/logo-rodenas.png\",\"contentUrl\":\"https:\/\/rodenasrivera.com\/wp-content\/uploads\/2021\/03\/logo-rodenas.png\",\"width\":768,\"height\":295,\"caption\":\"R\u00f3denas y Ribera S.A.\"},\"image\":{\"@id\":\"https:\/\/rodenasrivera.com\/#\/schema\/logo\/image\/\"}}]}<\/script>\n<!-- \/ Yoast SEO plugin. -->","yoast_head_json":{"title":"Our Resources | R\u00f3denas &amp; Rivera","robots":{"index":"index","follow":"follow","max-snippet":"max-snippet:-1","max-image-preview":"max-image-preview:large","max-video-preview":"max-video-preview:-1"},"canonical":"https:\/\/rodenasrivera.com\/en\/company\/our-resources\/","og_locale":"en_US","og_type":"article","og_title":"Our Resources | R\u00f3denas &amp; Rivera","og_url":"https:\/\/rodenasrivera.com\/en\/company\/our-resources\/","og_site_name":"R\u00f3denas &amp; Rivera","article_modified_time":"2022-01-28T11:14:25+00:00","twitter_card":"summary_large_image","twitter_misc":{"Est. reading time":"9 minutes"},"schema":{"@context":"https:\/\/schema.org","@graph":[{"@type":"WebPage","@id":"https:\/\/rodenasrivera.com\/en\/company\/our-resources\/","url":"https:\/\/rodenasrivera.com\/en\/company\/our-resources\/","name":"Our Resources | R\u00f3denas &amp; Rivera","isPartOf":{"@id":"https:\/\/rodenasrivera.com\/#website"},"datePublished":"2018-06-06T16:13:51+00:00","dateModified":"2022-01-28T11:14:25+00:00","breadcrumb":{"@id":"https:\/\/rodenasrivera.com\/en\/company\/our-resources\/#breadcrumb"},"inLanguage":"en-US","potentialAction":[{"@type":"ReadAction","target":["https:\/\/rodenasrivera.com\/en\/company\/our-resources\/"]}]},{"@type":"BreadcrumbList","@id":"https:\/\/rodenasrivera.com\/en\/company\/our-resources\/#breadcrumb","itemListElement":[{"@type":"ListItem","position":1,"name":"Portada","item":"https:\/\/rodenasrivera.com\/en\/home\/"},{"@type":"ListItem","position":2,"name":"Company","item":"https:\/\/rodenasrivera.com\/en\/company\/"},{"@type":"ListItem","position":3,"name":"Our Resources"}]},{"@type":"WebSite","@id":"https:\/\/rodenasrivera.com\/#website","url":"https:\/\/rodenasrivera.com\/","name":"R\u00f3denas &amp; Rivera","description":"Transformaci\u00f3n de pl\u00e1sticos","publisher":{"@id":"https:\/\/rodenasrivera.com\/#organization"},"potentialAction":[{"@type":"SearchAction","target":{"@type":"EntryPoint","urlTemplate":"https:\/\/rodenasrivera.com\/?s={search_term_string}"},"query-input":{"@type":"PropertyValueSpecification","valueRequired":true,"valueName":"search_term_string"}}],"inLanguage":"en-US"},{"@type":"Organization","@id":"https:\/\/rodenasrivera.com\/#organization","name":"R\u00f3denas y Ribera S.A.","url":"https:\/\/rodenasrivera.com\/","logo":{"@type":"ImageObject","inLanguage":"en-US","@id":"https:\/\/rodenasrivera.com\/#\/schema\/logo\/image\/","url":"https:\/\/rodenasrivera.com\/wp-content\/uploads\/2021\/03\/logo-rodenas.png","contentUrl":"https:\/\/rodenasrivera.com\/wp-content\/uploads\/2021\/03\/logo-rodenas.png","width":768,"height":295,"caption":"R\u00f3denas y Ribera S.A."},"image":{"@id":"https:\/\/rodenasrivera.com\/#\/schema\/logo\/image\/"}}]}},"_links":{"self":[{"href":"https:\/\/rodenasrivera.com\/en\/wp-json\/wp\/v2\/pages\/2393","targetHints":{"allow":["GET"]}}],"collection":[{"href":"https:\/\/rodenasrivera.com\/en\/wp-json\/wp\/v2\/pages"}],"about":[{"href":"https:\/\/rodenasrivera.com\/en\/wp-json\/wp\/v2\/types\/page"}],"author":[{"embeddable":true,"href":"https:\/\/rodenasrivera.com\/en\/wp-json\/wp\/v2\/users\/1"}],"replies":[{"embeddable":true,"href":"https:\/\/rodenasrivera.com\/en\/wp-json\/wp\/v2\/comments?post=2393"}],"version-history":[{"count":0,"href":"https:\/\/rodenasrivera.com\/en\/wp-json\/wp\/v2\/pages\/2393\/revisions"}],"up":[{"embeddable":true,"href":"https:\/\/rodenasrivera.com\/en\/wp-json\/wp\/v2\/pages\/2388"}],"wp:attachment":[{"href":"https:\/\/rodenasrivera.com\/en\/wp-json\/wp\/v2\/media?parent=2393"}],"curies":[{"name":"wp","href":"https:\/\/api.w.org\/{rel}","templated":true}]}}