{"id":2891,"date":"2022-01-28T10:42:21","date_gmt":"2022-01-28T10:42:21","guid":{"rendered":"https:\/\/rodenasrivera.com\/products\/tie-tag-film\/"},"modified":"2022-01-28T11:33:18","modified_gmt":"2022-01-28T11:33:18","slug":"tie-tag-film","status":"publish","type":"page","link":"https:\/\/rodenasrivera.com\/en\/products\/tie-tag-film\/","title":{"rendered":"Tie Tag Film"},"content":{"rendered":"\n<style type=\"text\/css\" data-created_by=\"avia_inline_auto\" id=\"style-css-av-2set1j-68b16226313c1e275f8542671272d091\">\n.avia-section.av-2set1j-68b16226313c1e275f8542671272d091{\nbackground-repeat:no-repeat;\nbackground-image:url(https:\/\/rodenasrivera.com\/wp-content\/uploads\/2017\/10\/empresa.jpg);\nbackground-position:50% 50%;\nbackground-attachment:scroll;\n}\n.avia-section.av-2set1j-68b16226313c1e275f8542671272d091 .av-section-color-overlay{\nopacity:0.3;\nbackground-color:#0a0a0a;\n}\n<\/style>\n<div id='av_section_1'  class='avia-section av-2set1j-68b16226313c1e275f8542671272d091 main_color avia-section-default avia-no-border-styling  avia-builder-el-0  el_before_av_section  avia-builder-el-first  avia-full-stretch avia-bg-style-scroll av-section-color-overlay-active av-minimum-height av-minimum-height-custom av-height-custom  container_wrap sidebar_right'  data-section-bg-repeat='stretch' data-av_minimum_height_px='180'><div class=\"av-section-color-overlay-wrap\"><div class=\"av-section-color-overlay\"><\/div><div class='container av-section-cont-open' style='height:180px'><main  role=\"main\" itemprop=\"mainContentOfPage\"  class='template-page content  av-content-small alpha units'><div class='post-entry post-entry-type-page post-entry-2891'><div class='entry-content-wrapper clearfix'>\n<\/div><\/div><\/main><!-- close content main element --><\/div><\/div><\/div><div id='av_section_2'  class='avia-section av-91pmv-dcb4673c643b52a9b4ab7184c026803a main_color avia-section-default avia-no-border-styling  avia-builder-el-1  el_after_av_section  avia-builder-el-last  avia-bg-style-scroll container_wrap sidebar_right'  ><div class='container av-section-cont-open' ><div class='template-page content  av-content-small alpha units'><div class='post-entry post-entry-type-page post-entry-2891'><div class='entry-content-wrapper clearfix'>\n\n<style type=\"text\/css\" data-created_by=\"avia_inline_auto\" id=\"style-css-av-8m34v-22c587fec36426632b29a886cc29a0f7\">\n.flex_column.av-8m34v-22c587fec36426632b29a886cc29a0f7{\nborder-radius:0px 0px 0px 0px;\npadding:10px 0px 0px 0px;\n}\n<\/style>\n<div  class='flex_column av-8m34v-22c587fec36426632b29a886cc29a0f7 av_two_fifth  avia-builder-el-2  el_before_av_three_fifth  avia-builder-el-first  galeria-producto first flex_column_div  '     ><p>\n<style type=\"text\/css\" data-created_by=\"avia_inline_auto\" id=\"style-css-av-1u99xb-93363526651d43f8187e7994ec5e7c01\">\n#top .hr.hr-invisible.av-1u99xb-93363526651d43f8187e7994ec5e7c01{\nheight:80px;\n}\n<\/style>\n<div  class='hr av-1u99xb-93363526651d43f8187e7994ec5e7c01 hr-invisible  avia-builder-el-3  el_before_av_gallery  avia-builder-el-first  av-mini-hide'><span class='hr-inner '><span class=\"hr-inner-style\"><\/span><\/span><\/div><br \/>\n\n<style type=\"text\/css\" data-created_by=\"avia_inline_auto\" id=\"style-css-av-jnaeuycf-7e58c11edf94cd3e1312ff972d4c4266\">\n#top .avia-gallery.av-jnaeuycf-7e58c11edf94cd3e1312ff972d4c4266 .avia-gallery-thumb a{\nwidth:25%;\n}\n<\/style>\n<div  class='avia-gallery av-jnaeuycf-7e58c11edf94cd3e1312ff972d4c4266 avia_animate_when_visible  avia-builder-el-4  el_after_av_hr  avia-builder-el-last  deactivate_avia_lazyload av-slideshow-ui av-loop-manual-endless av-control-hidden av-navigate-arrows av-navigate-dots hover-effect av-control-hidden avia-gallery-animate avia-gallery-1'  itemprop=\"image\" itemscope=\"itemscope\" itemtype=\"https:\/\/schema.org\/ImageObject\" ><meta itemprop=\"contentURL\" content=\"https:\/\/rodenasrivera.com\/en\/products\/tie-tag-film\/\"><a class='avia-gallery-big fakeLightbox lightbox avia-gallery-big-crop-thumb ' href=\"https:\/\/rodenasrivera.com\/wp-content\/uploads\/2017\/11\/etiquetas-corbata-1.jpg\" data-srcset=\"https:\/\/rodenasrivera.com\/wp-content\/uploads\/2017\/11\/etiquetas-corbata-1.jpg 500w, https:\/\/rodenasrivera.com\/wp-content\/uploads\/2017\/11\/etiquetas-corbata-1-80x80.jpg 80w, https:\/\/rodenasrivera.com\/wp-content\/uploads\/2017\/11\/etiquetas-corbata-1-300x300.jpg 300w, https:\/\/rodenasrivera.com\/wp-content\/uploads\/2017\/11\/etiquetas-corbata-1-36x36.jpg 36w, https:\/\/rodenasrivera.com\/wp-content\/uploads\/2017\/11\/etiquetas-corbata-1-180x180.jpg 180w, https:\/\/rodenasrivera.com\/wp-content\/uploads\/2017\/11\/etiquetas-corbata-1-120x120.jpg 120w, https:\/\/rodenasrivera.com\/wp-content\/uploads\/2017\/11\/etiquetas-corbata-1-450x450.jpg 450w, https:\/\/rodenasrivera.com\/wp-content\/uploads\/2017\/11\/etiquetas-corbata-1-100x100.jpg 100w\" data-sizes=\"(max-width: 500px) 100vw, 500px\"  data-onclick='1' title='etiquetas-corbata' ><span class='avia-gallery-big-inner'  itemprop=\"thumbnailUrl\" ><img decoding=\"async\" fetchpriority=\"high\" class=\"wp-image-498 avia-img-lazy-loading-not-498\"  width=\"500\" height=\"423\" src=\"https:\/\/rodenasrivera.com\/wp-content\/uploads\/2017\/11\/etiquetas-corbata-1-500x423.jpg\" title='etiquetas-corbata' alt='' \/><\/span><\/a><div class='avia-gallery-thumb'><a href=\"https:\/\/rodenasrivera.com\/wp-content\/uploads\/2017\/11\/etiquetas-corbata-1.jpg\" data-srcset=\"https:\/\/rodenasrivera.com\/wp-content\/uploads\/2017\/11\/etiquetas-corbata-1.jpg 500w, https:\/\/rodenasrivera.com\/wp-content\/uploads\/2017\/11\/etiquetas-corbata-1-80x80.jpg 80w, https:\/\/rodenasrivera.com\/wp-content\/uploads\/2017\/11\/etiquetas-corbata-1-300x300.jpg 300w, https:\/\/rodenasrivera.com\/wp-content\/uploads\/2017\/11\/etiquetas-corbata-1-36x36.jpg 36w, https:\/\/rodenasrivera.com\/wp-content\/uploads\/2017\/11\/etiquetas-corbata-1-180x180.jpg 180w, https:\/\/rodenasrivera.com\/wp-content\/uploads\/2017\/11\/etiquetas-corbata-1-120x120.jpg 120w, https:\/\/rodenasrivera.com\/wp-content\/uploads\/2017\/11\/etiquetas-corbata-1-450x450.jpg 450w, https:\/\/rodenasrivera.com\/wp-content\/uploads\/2017\/11\/etiquetas-corbata-1-100x100.jpg 100w\" data-sizes=\"(max-width: 500px) 100vw, 500px\" data-rel='gallery-1' data-prev-img='https:\/\/rodenasrivera.com\/wp-content\/uploads\/2017\/11\/etiquetas-corbata-1-500x423.jpg' class='first_thumb lightbox ' data-onclick='1' title='etiquetas-corbata'  itemprop=\"thumbnailUrl\"  ><img decoding=\"async\" fetchpriority=\"high\" class=\"wp-image-498 avia-img-lazy-loading-not-498\"   src=\"https:\/\/rodenasrivera.com\/wp-content\/uploads\/2017\/11\/etiquetas-corbata-1-120x120.jpg\" width=\"120\" height=\"120\"  title='etiquetas-corbata' alt='' srcset=\"https:\/\/rodenasrivera.com\/wp-content\/uploads\/2017\/11\/etiquetas-corbata-1-120x120.jpg 120w, https:\/\/rodenasrivera.com\/wp-content\/uploads\/2017\/11\/etiquetas-corbata-1-80x80.jpg 80w, https:\/\/rodenasrivera.com\/wp-content\/uploads\/2017\/11\/etiquetas-corbata-1-300x300.jpg 300w, https:\/\/rodenasrivera.com\/wp-content\/uploads\/2017\/11\/etiquetas-corbata-1-36x36.jpg 36w, https:\/\/rodenasrivera.com\/wp-content\/uploads\/2017\/11\/etiquetas-corbata-1-180x180.jpg 180w, https:\/\/rodenasrivera.com\/wp-content\/uploads\/2017\/11\/etiquetas-corbata-1-450x450.jpg 450w, https:\/\/rodenasrivera.com\/wp-content\/uploads\/2017\/11\/etiquetas-corbata-1-100x100.jpg 100w, https:\/\/rodenasrivera.com\/wp-content\/uploads\/2017\/11\/etiquetas-corbata-1.jpg 500w\" sizes=\"(max-width: 120px) 100vw, 120px\" \/><div class='big-prev-fake'><img decoding=\"async\" loading=\"lazy\" class=\"wp-image-498 avia-img-lazy-loading-498\"  width=\"500\" height=\"423\" src=\"https:\/\/rodenasrivera.com\/wp-content\/uploads\/2017\/11\/etiquetas-corbata-1-500x423.jpg\" title='etiquetas-corbata' alt='' \/><\/div><\/a><\/div><\/div><\/p><\/div>\n<style type=\"text\/css\" data-created_by=\"avia_inline_auto\" id=\"style-css-av-230l07-72b539c8acefbd1c613bb2c24bbd7923\">\n.flex_column.av-230l07-72b539c8acefbd1c613bb2c24bbd7923{\nborder-radius:0px 0px 0px 0px;\npadding:0px 0px 0px 0px;\n}\n<\/style>\n<div  class='flex_column av-230l07-72b539c8acefbd1c613bb2c24bbd7923 av_three_fifth  avia-builder-el-5  el_after_av_two_fifth  el_before_av_hr  flex_column_div  '     ><p>\n<style type=\"text\/css\" data-created_by=\"avia_inline_auto\" id=\"style-css-av-1u99xb-99d53f2811b1af0fa766c02d5b514c36\">\n#top .hr.hr-invisible.av-1u99xb-99d53f2811b1af0fa766c02d5b514c36{\nheight:10px;\n}\n<\/style>\n<div  class='hr av-1u99xb-99d53f2811b1af0fa766c02d5b514c36 hr-invisible  avia-builder-el-6  el_before_av_heading  avia-builder-el-first  av-mini-hide'><span class='hr-inner '><span class=\"hr-inner-style\"><\/span><\/span><\/div><br \/>\n\n<style type=\"text\/css\" data-created_by=\"avia_inline_auto\" id=\"style-css-av-4sz38e-c0ac7c84587c7938d04375a394c7e7e8\">\n#top .av-special-heading.av-4sz38e-c0ac7c84587c7938d04375a394c7e7e8{\npadding-bottom:10px;\ncolor:#0a0a0a;\nfont-size:27px;\n}\nbody .av-special-heading.av-4sz38e-c0ac7c84587c7938d04375a394c7e7e8 .av-special-heading-tag .heading-char{\nfont-size:25px;\n}\n#top #wrap_all .av-special-heading.av-4sz38e-c0ac7c84587c7938d04375a394c7e7e8 .av-special-heading-tag{\nfont-size:27px;\n}\n.av-special-heading.av-4sz38e-c0ac7c84587c7938d04375a394c7e7e8 .special-heading-inner-border{\nborder-color:#0a0a0a;\n}\n.av-special-heading.av-4sz38e-c0ac7c84587c7938d04375a394c7e7e8 .av-subheading{\nfont-size:15px;\n}\n\n@media only screen and (min-width: 480px) and (max-width: 767px){ \n#top #wrap_all .av-special-heading.av-4sz38e-c0ac7c84587c7938d04375a394c7e7e8 .av-special-heading-tag{\nfont-size:0.8em;\n}\n}\n\n@media only screen and (max-width: 479px){ \n#top #wrap_all .av-special-heading.av-4sz38e-c0ac7c84587c7938d04375a394c7e7e8 .av-special-heading-tag{\nfont-size:0.8em;\n}\n}\n<\/style>\n<div  class='av-special-heading av-4sz38e-c0ac7c84587c7938d04375a394c7e7e8 av-special-heading-h3 custom-color-heading blockquote modern-quote  avia-builder-el-7  el_after_av_hr  el_before_av_hr  tit-descript-prod av-inherit-size'><h3 class='av-special-heading-tag'  itemprop=\"headline\"  >Description and Features<\/h3><div class=\"special-heading-border\"><div class=\"special-heading-inner-border\"><\/div><\/div><\/div><br \/>\n\n<style type=\"text\/css\" data-created_by=\"avia_inline_auto\" id=\"style-css-av-1u99xb-724b07ab208dc2f0761355052fb15f1b\">\n#top .hr.av-1u99xb-724b07ab208dc2f0761355052fb15f1b{\nmargin-top:0px;\nmargin-bottom:10px;\n}\n.hr.av-1u99xb-724b07ab208dc2f0761355052fb15f1b .hr-inner{\nwidth:80px;\nborder-color:#0a0a0a;\n}\n<\/style>\n<div  class='hr av-1u99xb-724b07ab208dc2f0761355052fb15f1b hr-custom  avia-builder-el-8  el_after_av_heading  el_before_av_textblock  av-mini-hide hr-left hr-icon-no'><span class='hr-inner inner-border-av-border-fat'><span class=\"hr-inner-style\"><\/span><\/span><\/div><br \/>\n<section  class='av_textblock_section av-jiw1mcik-2ee57dc538d0b3f84f0e8b24f10da059 '   itemscope=\"itemscope\" itemtype=\"https:\/\/schema.org\/CreativeWork\" ><div class='avia_textblock'  itemprop=\"text\" ><p>R\u00f3denas &amp; Rivera offers a variety of complexes to produce labels without adhesive, offering different combinations depending on the intended application.<\/p>\n<p>Our complexes are used in the manufacture of tie tags and can be thermal or non-thermal.<\/p>\n<\/div><\/section><br \/>\n<div  class='tabcontainer av-jiw1c61k-eb7eb76d486982d3c44b2697d0b02c33 sidebar_tab sidebar_tab_left  avia-builder-el-10  el_after_av_textblock  avia-builder-el-last  tabla-producto border_tabs' role='tablist'>\n<section class='av_tab_section av_tab_section av-7cquf2-e8e6d99b5b47f6289bec5d1d3689d9af'  itemscope=\"itemscope\" itemtype=\"https:\/\/schema.org\/CreativeWork\" ><div class='tab active_tab' role='tab' tabindex='0' data-fake-id='#tab-id-1' aria-controls='tab-id-1-content'  itemprop=\"headline\" ><span class='tab_icon' aria-hidden='true' data-av_icon='' data-av_iconfont='icomoon'><\/span>APPLICATIONS: <\/div><div id='tab-id-1-content' class='tab_content active_tab_content' aria-hidden=\"false\"><div class='tab_inner_content invers-color'  itemprop=\"text\" ><p>Manufacture of tie tags for the packaging of fruits and vegetables, in netting.<\/p>\n<\/div><\/div><\/section>\n<section class='av_tab_section av_tab_section av-9n8um-314efe936e1c80f02993fea766ca2c8f'  itemscope=\"itemscope\" itemtype=\"https:\/\/schema.org\/CreativeWork\" ><div class='tab' role='tab' tabindex='0' data-fake-id='#tab-id-2' aria-controls='tab-id-2-content'  itemprop=\"headline\" ><span class='tab_icon' aria-hidden='true' data-av_icon='' data-av_iconfont='icomoon'><\/span>FINISHING: <\/div><div id='tab-id-2-content' class='tab_content' aria-hidden=\"true\"><div class='tab_inner_content invers-color'  itemprop=\"text\" ><ul>\n<li><strong><u>Thermal tie<\/u><\/strong>: The characteristic of thermal materials is that they allow printing on one side all the information that is not variable, and on the other side, the data that must be added at the time of packaging.<\/li>\n<\/ul>\n<p>We offer complexes for both normal thermal labels\/tags and protected labels\/tags, which offer increased strength and security. Also, the option of materials free of Bisphenol A and any type of phenols.<\/p>\n<ul>\n<li><strong><u>Non-thermal tie<\/u><\/strong>: material for coated or matte labels\/tags for customers who do not require the properties of thermal materials.<\/li>\n<\/ul>\n<\/div><\/div><\/section>\n<section class='av_tab_section av_tab_section av-3v0qlq-62a9992c8d49a0b4fc15ed9c1175a173'  itemscope=\"itemscope\" itemtype=\"https:\/\/schema.org\/CreativeWork\" ><div class='tab' role='tab' tabindex='0' data-fake-id='#tab-id-3' aria-controls='tab-id-3-content'  itemprop=\"headline\" >RANGE OF PRODUCTS<\/div><div id='tab-id-3-content' class='tab_content' aria-hidden=\"true\"><div class='tab_inner_content invers-color'  itemprop=\"text\" ><ul>\n<li>Thermal label material: We have two kinds, Eco and Protected.<\/li>\n<li>Thermal label\/tag material: We have two kinds, Eco and protected.<\/li>\n<\/ul>\n<\/div><\/div><\/section>\n<section class='av_tab_section av_tab_section av-3b0se6-9a9eeaf3f434c79c528dc20b7bdbfdf0'  itemscope=\"itemscope\" itemtype=\"https:\/\/schema.org\/CreativeWork\" ><div class='tab' role='tab' tabindex='0' data-fake-id='#tab-id-4' aria-controls='tab-id-4-content'  itemprop=\"headline\" ><span class='tab_icon' aria-hidden='true' data-av_icon='\uea8d' data-av_iconfont='icomoon'><\/span>PROPERTIES:<\/div><div id='tab-id-4-content' class='tab_content' aria-hidden=\"true\"><div class='tab_inner_content invers-color'  itemprop=\"text\" ><ul>\n<li>Food suitability<\/li>\n<li>Corona treatment to be printed by flexographic and digital printing techniques, among others<\/li>\n<\/ul>\n<\/div><\/div><\/section>\n<section class='av_tab_section av_tab_section av-bljpq-d9e6dbe73d9f99380888866006b1bfef'  itemscope=\"itemscope\" itemtype=\"https:\/\/schema.org\/CreativeWork\" ><div class='tab' role='tab' tabindex='0' data-fake-id='#tab-id-5' aria-controls='tab-id-5-content'  itemprop=\"headline\" ><span class='tab_icon' aria-hidden='true' data-av_icon='' data-av_iconfont='icomoon'><\/span>THICKNESS RANGE<\/div><div id='tab-id-5-content' class='tab_content' aria-hidden=\"true\"><div class='tab_inner_content invers-color'  itemprop=\"text\" ><p>220 microns<\/p>\n<\/div><\/div><\/section>\n<\/div><\/p><\/div>\n<style type=\"text\/css\" data-created_by=\"avia_inline_auto\" id=\"style-css-av-1u99xb-69695cf0856a4ef1925dba2a31807cfe\">\n#top .hr.hr-invisible.av-1u99xb-69695cf0856a4ef1925dba2a31807cfe{\nheight:60px;\n}\n<\/style>\n<div  class='hr av-1u99xb-69695cf0856a4ef1925dba2a31807cfe hr-invisible  avia-builder-el-11  el_after_av_three_fifth  avia-builder-el-last  av-mini-hide'><span class='hr-inner '><span class=\"hr-inner-style\"><\/span><\/span><\/div>\n<\/div><\/div><\/div><!-- close content main div --><\/div><\/div><div id='after_section_2'  class='main_color av_default_container_wrap container_wrap sidebar_right'  ><div class='container av-section-cont-open' ><div class='template-page content  av-content-small alpha units'><div class='post-entry post-entry-type-page post-entry-2891'><div class='entry-content-wrapper clearfix'>\n","protected":false},"excerpt":{"rendered":"","protected":false},"author":1,"featured_media":0,"parent":2430,"menu_order":0,"comment_status":"closed","ping_status":"closed","template":"","meta":{"footnotes":""},"class_list":["post-2891","page","type-page","status-publish","hentry"],"yoast_head":"<!-- This site is optimized with the Yoast SEO plugin v25.2 - https:\/\/yoast.com\/wordpress\/plugins\/seo\/ -->\n<title>Tie Tag Film | R\u00f3denas &amp; Rivera<\/title>\n<meta name=\"robots\" content=\"index, follow, max-snippet:-1, max-image-preview:large, max-video-preview:-1\" \/>\n<link rel=\"canonical\" href=\"https:\/\/rodenasrivera.com\/en\/products\/tie-tag-film\/\" \/>\n<meta property=\"og:locale\" content=\"en_US\" \/>\n<meta property=\"og:type\" content=\"article\" \/>\n<meta property=\"og:title\" content=\"Tie Tag Film | R\u00f3denas &amp; Rivera\" \/>\n<meta property=\"og:url\" content=\"https:\/\/rodenasrivera.com\/en\/products\/tie-tag-film\/\" \/>\n<meta property=\"og:site_name\" content=\"R\u00f3denas &amp; Rivera\" \/>\n<meta property=\"article:modified_time\" content=\"2022-01-28T11:33:18+00:00\" \/>\n<meta name=\"twitter:card\" content=\"summary_large_image\" \/>\n<meta name=\"twitter:label1\" content=\"Est. reading time\" \/>\n\t<meta name=\"twitter:data1\" content=\"6 minutes\" \/>\n<script type=\"application\/ld+json\" class=\"yoast-schema-graph\">{\"@context\":\"https:\/\/schema.org\",\"@graph\":[{\"@type\":\"WebPage\",\"@id\":\"https:\/\/rodenasrivera.com\/en\/products\/tie-tag-film\/\",\"url\":\"https:\/\/rodenasrivera.com\/en\/products\/tie-tag-film\/\",\"name\":\"Tie Tag Film | R\u00f3denas &amp; Rivera\",\"isPartOf\":{\"@id\":\"https:\/\/rodenasrivera.com\/#website\"},\"datePublished\":\"2022-01-28T10:42:21+00:00\",\"dateModified\":\"2022-01-28T11:33:18+00:00\",\"breadcrumb\":{\"@id\":\"https:\/\/rodenasrivera.com\/en\/products\/tie-tag-film\/#breadcrumb\"},\"inLanguage\":\"en-US\",\"potentialAction\":[{\"@type\":\"ReadAction\",\"target\":[\"https:\/\/rodenasrivera.com\/en\/products\/tie-tag-film\/\"]}]},{\"@type\":\"BreadcrumbList\",\"@id\":\"https:\/\/rodenasrivera.com\/en\/products\/tie-tag-film\/#breadcrumb\",\"itemListElement\":[{\"@type\":\"ListItem\",\"position\":1,\"name\":\"Portada\",\"item\":\"https:\/\/rodenasrivera.com\/en\/home\/\"},{\"@type\":\"ListItem\",\"position\":2,\"name\":\"Products\",\"item\":\"https:\/\/rodenasrivera.com\/en\/products\/\"},{\"@type\":\"ListItem\",\"position\":3,\"name\":\"Tie Tag Film\"}]},{\"@type\":\"WebSite\",\"@id\":\"https:\/\/rodenasrivera.com\/#website\",\"url\":\"https:\/\/rodenasrivera.com\/\",\"name\":\"R\u00f3denas &amp; Rivera\",\"description\":\"Transformaci\u00f3n de pl\u00e1sticos\",\"publisher\":{\"@id\":\"https:\/\/rodenasrivera.com\/#organization\"},\"potentialAction\":[{\"@type\":\"SearchAction\",\"target\":{\"@type\":\"EntryPoint\",\"urlTemplate\":\"https:\/\/rodenasrivera.com\/?s={search_term_string}\"},\"query-input\":{\"@type\":\"PropertyValueSpecification\",\"valueRequired\":true,\"valueName\":\"search_term_string\"}}],\"inLanguage\":\"en-US\"},{\"@type\":\"Organization\",\"@id\":\"https:\/\/rodenasrivera.com\/#organization\",\"name\":\"R\u00f3denas y Ribera S.A.\",\"url\":\"https:\/\/rodenasrivera.com\/\",\"logo\":{\"@type\":\"ImageObject\",\"inLanguage\":\"en-US\",\"@id\":\"https:\/\/rodenasrivera.com\/#\/schema\/logo\/image\/\",\"url\":\"https:\/\/rodenasrivera.com\/wp-content\/uploads\/2021\/03\/logo-rodenas.png\",\"contentUrl\":\"https:\/\/rodenasrivera.com\/wp-content\/uploads\/2021\/03\/logo-rodenas.png\",\"width\":768,\"height\":295,\"caption\":\"R\u00f3denas y Ribera S.A.\"},\"image\":{\"@id\":\"https:\/\/rodenasrivera.com\/#\/schema\/logo\/image\/\"}}]}<\/script>\n<!-- \/ Yoast SEO plugin. -->","yoast_head_json":{"title":"Tie Tag Film | R\u00f3denas &amp; Rivera","robots":{"index":"index","follow":"follow","max-snippet":"max-snippet:-1","max-image-preview":"max-image-preview:large","max-video-preview":"max-video-preview:-1"},"canonical":"https:\/\/rodenasrivera.com\/en\/products\/tie-tag-film\/","og_locale":"en_US","og_type":"article","og_title":"Tie Tag Film | R\u00f3denas &amp; Rivera","og_url":"https:\/\/rodenasrivera.com\/en\/products\/tie-tag-film\/","og_site_name":"R\u00f3denas &amp; Rivera","article_modified_time":"2022-01-28T11:33:18+00:00","twitter_card":"summary_large_image","twitter_misc":{"Est. reading time":"6 minutes"},"schema":{"@context":"https:\/\/schema.org","@graph":[{"@type":"WebPage","@id":"https:\/\/rodenasrivera.com\/en\/products\/tie-tag-film\/","url":"https:\/\/rodenasrivera.com\/en\/products\/tie-tag-film\/","name":"Tie Tag Film | R\u00f3denas &amp; Rivera","isPartOf":{"@id":"https:\/\/rodenasrivera.com\/#website"},"datePublished":"2022-01-28T10:42:21+00:00","dateModified":"2022-01-28T11:33:18+00:00","breadcrumb":{"@id":"https:\/\/rodenasrivera.com\/en\/products\/tie-tag-film\/#breadcrumb"},"inLanguage":"en-US","potentialAction":[{"@type":"ReadAction","target":["https:\/\/rodenasrivera.com\/en\/products\/tie-tag-film\/"]}]},{"@type":"BreadcrumbList","@id":"https:\/\/rodenasrivera.com\/en\/products\/tie-tag-film\/#breadcrumb","itemListElement":[{"@type":"ListItem","position":1,"name":"Portada","item":"https:\/\/rodenasrivera.com\/en\/home\/"},{"@type":"ListItem","position":2,"name":"Products","item":"https:\/\/rodenasrivera.com\/en\/products\/"},{"@type":"ListItem","position":3,"name":"Tie Tag Film"}]},{"@type":"WebSite","@id":"https:\/\/rodenasrivera.com\/#website","url":"https:\/\/rodenasrivera.com\/","name":"R\u00f3denas &amp; Rivera","description":"Transformaci\u00f3n de pl\u00e1sticos","publisher":{"@id":"https:\/\/rodenasrivera.com\/#organization"},"potentialAction":[{"@type":"SearchAction","target":{"@type":"EntryPoint","urlTemplate":"https:\/\/rodenasrivera.com\/?s={search_term_string}"},"query-input":{"@type":"PropertyValueSpecification","valueRequired":true,"valueName":"search_term_string"}}],"inLanguage":"en-US"},{"@type":"Organization","@id":"https:\/\/rodenasrivera.com\/#organization","name":"R\u00f3denas y Ribera S.A.","url":"https:\/\/rodenasrivera.com\/","logo":{"@type":"ImageObject","inLanguage":"en-US","@id":"https:\/\/rodenasrivera.com\/#\/schema\/logo\/image\/","url":"https:\/\/rodenasrivera.com\/wp-content\/uploads\/2021\/03\/logo-rodenas.png","contentUrl":"https:\/\/rodenasrivera.com\/wp-content\/uploads\/2021\/03\/logo-rodenas.png","width":768,"height":295,"caption":"R\u00f3denas y Ribera S.A."},"image":{"@id":"https:\/\/rodenasrivera.com\/#\/schema\/logo\/image\/"}}]}},"_links":{"self":[{"href":"https:\/\/rodenasrivera.com\/en\/wp-json\/wp\/v2\/pages\/2891","targetHints":{"allow":["GET"]}}],"collection":[{"href":"https:\/\/rodenasrivera.com\/en\/wp-json\/wp\/v2\/pages"}],"about":[{"href":"https:\/\/rodenasrivera.com\/en\/wp-json\/wp\/v2\/types\/page"}],"author":[{"embeddable":true,"href":"https:\/\/rodenasrivera.com\/en\/wp-json\/wp\/v2\/users\/1"}],"replies":[{"embeddable":true,"href":"https:\/\/rodenasrivera.com\/en\/wp-json\/wp\/v2\/comments?post=2891"}],"version-history":[{"count":0,"href":"https:\/\/rodenasrivera.com\/en\/wp-json\/wp\/v2\/pages\/2891\/revisions"}],"up":[{"embeddable":true,"href":"https:\/\/rodenasrivera.com\/en\/wp-json\/wp\/v2\/pages\/2430"}],"wp:attachment":[{"href":"https:\/\/rodenasrivera.com\/en\/wp-json\/wp\/v2\/media?parent=2891"}],"curies":[{"name":"wp","href":"https:\/\/api.w.org\/{rel}","templated":true}]}}