{"id":2901,"date":"2022-01-28T10:49:56","date_gmt":"2022-01-28T10:49:56","guid":{"rendered":"https:\/\/rodenasrivera.com\/news\/"},"modified":"2022-03-04T08:42:15","modified_gmt":"2022-03-04T08:42:15","slug":"news","status":"publish","type":"page","link":"https:\/\/rodenasrivera.com\/en\/news\/","title":{"rendered":"News"},"content":{"rendered":"\n<style type=\"text\/css\" data-created_by=\"avia_inline_auto\" id=\"style-css-av-4pmfri-5d16b5a162d783f740e6cda2b1c169b7\">\n.avia-section.av-4pmfri-5d16b5a162d783f740e6cda2b1c169b7{\nbackground-repeat:no-repeat;\nbackground-image:url(https:\/\/rodenasrivera.com\/wp-content\/uploads\/2017\/11\/calidad-cabecera-2.jpg);\nbackground-position:50% 0%;\nbackground-attachment:scroll;\n}\n.avia-section.av-4pmfri-5d16b5a162d783f740e6cda2b1c169b7 .av-section-color-overlay{\nopacity:1;\n}\n<\/style>\n<div id='cabecera'  class='avia-section av-4pmfri-5d16b5a162d783f740e6cda2b1c169b7 main_color avia-section-large avia-no-border-styling  avia-builder-el-0  el_before_av_section  avia-builder-el-first  gradient avia-full-stretch avia-bg-style-scroll av-section-color-overlay-active av-minimum-height av-minimum-height-custom av-height-custom  container_wrap sidebar_right'  data-section-bg-repeat='stretch' data-av_minimum_height_px='180'><div class=\"av-section-color-overlay-wrap\"><div class=\"av-section-color-overlay\"><\/div><div class='container av-section-cont-open' style='height:180px'><main  role=\"main\" itemprop=\"mainContentOfPage\"  class='template-page content  av-content-small alpha units'><div class='post-entry post-entry-type-page post-entry-2901'><div class='entry-content-wrapper clearfix'>\n<\/div><\/div><\/main><!-- close content main element --><\/div><\/div><\/div>\n<style type=\"text\/css\" data-created_by=\"avia_inline_auto\" id=\"style-css-av-kp6zcdxr-5136363185823e5db226f79845d30553\">\n.avia-section.av-kp6zcdxr-5136363185823e5db226f79845d30553{\nbackground-color:#f6faf6;\nbackground-image:unset;\n}\n.avia-section.av-kp6zcdxr-5136363185823e5db226f79845d30553 .av-extra-border-element .av-extra-border-inner{\nbackground-color:#f6faf6;\n}\n<\/style>\n<div id='av_section_2'  class='avia-section av-kp6zcdxr-5136363185823e5db226f79845d30553 main_color avia-section-default avia-no-border-styling  avia-builder-el-1  el_after_av_section  el_before_av_section  avia-bg-style-scroll av-arrow-down-section container_wrap sidebar_right'  ><div class='container av-section-cont-open' ><div class='template-page content  av-content-small alpha units'><div class='post-entry post-entry-type-page post-entry-2901'><div class='entry-content-wrapper clearfix'>\n<section  class='av_textblock_section av-kp6za53f-53de31236e9e034df8f16627cfa36abf '   itemscope=\"itemscope\" itemtype=\"https:\/\/schema.org\/CreativeWork\" ><div class='avia_textblock'  itemprop=\"text\" ><p>Here you will find all the news on R\u00f3denas &amp; Rivera, from corporate news to articles related to our business. Don&#8217;t miss it!<\/p>\n<\/div><\/section>\n\n<\/div><\/div><\/div><!-- close content main div --><\/div><div class='av-extra-border-element border-extra-arrow-down'><div class='av-extra-border-outer'><div class='av-extra-border-inner'><\/div><\/div><\/div><\/div><div id='av_section_3'  class='avia-section av-36uce6-4038be162ff90b67190259bdd99c1ba4 main_color avia-section-large avia-no-border-styling  avia-builder-el-3  el_after_av_section  avia-builder-el-last  emails-atc avia-bg-style-scroll container_wrap sidebar_right'  ><div class='container av-section-cont-open' ><div class='template-page content  av-content-small alpha units'><div class='post-entry post-entry-type-page post-entry-2901'><div class='entry-content-wrapper clearfix'>\n<div  data-slideshow-options=\"{&quot;animation&quot;:&quot;fade&quot;,&quot;autoplay&quot;:false,&quot;loop_autoplay&quot;:&quot;once&quot;,&quot;interval&quot;:5,&quot;loop_manual&quot;:&quot;manual-endless&quot;,&quot;autoplay_stopper&quot;:false,&quot;noNavigation&quot;:false,&quot;show_slide_delay&quot;:90}\" class='avia-content-slider avia-content-grid-active avia-content-slider1 avia-content-slider-odd  avia-builder-el-4  avia-builder-el-no-sibling  av-slideshow-ui av-control-default   av-no-slider-navigation av-slideshow-manual av-loop-once av-loop-manual-endless '  itemscope=\"itemscope\" itemtype=\"https:\/\/schema.org\/Blog\" ><div class=\"avia-content-slider-inner\"><div class=\"slide-entry-wrap\"><article class='slide-entry flex_column  post-entry post-entry-2908 slide-entry-overview slide-loop-1 slide-parity-odd  post-entry-last  av_one_third first real-thumbnail posttype-post post-format-standard'  itemscope=\"itemscope\" itemtype=\"https:\/\/schema.org\/CreativeWork\" ><a href='https:\/\/rodenasrivera.com\/en\/commited-to-sustainability\/' data-rel='slide-1' class='slide-image' title='Commited to sustainability'><img decoding=\"async\" fetchpriority=\"high\" width=\"495\" height=\"400\" src=\"https:\/\/rodenasrivera.com\/wp-content\/uploads\/2021\/05\/cabecera-sostenibilidad-1-495x400.jpg\" class=\"wp-image-2639 avia-img-lazy-loading-not-2639 attachment-portfolio size-portfolio wp-post-image\" alt=\"\" srcset=\"https:\/\/rodenasrivera.com\/wp-content\/uploads\/2021\/05\/cabecera-sostenibilidad-1-495x400.jpg 495w, https:\/\/rodenasrivera.com\/wp-content\/uploads\/2021\/05\/cabecera-sostenibilidad-1-845x684.jpg 845w\" sizes=\"(max-width: 495px) 100vw, 495px\" \/><\/a><div class=\"slide-content\"><header class=\"entry-content-header\"><span class=\"blog-categories minor-meta\"><a href=\"https:\/\/rodenasrivera.com\/en\/category\/sustainability\/\" rel=\"tag\">Sustainability<\/a> <\/span><h3 class='slide-entry-title entry-title '  itemprop=\"headline\" ><a href='https:\/\/rodenasrivera.com\/en\/commited-to-sustainability\/' title='Commited to sustainability'>Commited to sustainability<\/a><\/h3><span class=\"av-vertical-delimiter\"><\/span><\/header><div class='slide-entry-excerpt entry-content'  itemprop=\"text\" >In a context where the United Nations 2030 Agenda (including Sustainable Development Goals) is the reference framework for everything\u2026<\/div><\/div><footer class=\"entry-footer\"><div class=\"slide-meta\"><time class='slide-meta-time updated'  itemprop=\"datePublished\" datetime=\"2022-01-28T10:58:15+00:00\" >28 January, 2022<\/time><\/div><\/footer><span class='hidden'>\n\t\t\t\t<span class='av-structured-data'  itemprop=\"image\" itemscope=\"itemscope\" itemtype=\"https:\/\/schema.org\/ImageObject\" >\n\t\t\t\t\t\t<span itemprop='url'>https:\/\/rodenasrivera.com\/wp-content\/uploads\/2021\/05\/cabecera-sostenibilidad-1.jpg<\/span>\n\t\t\t\t\t\t<span itemprop='height'>1080<\/span>\n\t\t\t\t\t\t<span itemprop='width'>1920<\/span>\n\t\t\t\t<\/span>\n\t\t\t\t<span class='av-structured-data'  itemprop=\"publisher\" itemtype=\"https:\/\/schema.org\/Organization\" itemscope=\"itemscope\" >\n\t\t\t\t\t\t<span itemprop='name'>Rodenas<\/span>\n\t\t\t\t\t\t<span itemprop='logo' itemscope itemtype='https:\/\/schema.org\/ImageObject'>\n\t\t\t\t\t\t\t<span itemprop='url'>https:\/\/rodenasrivera.com\/wp-content\/uploads\/2017\/10\/logotipo-rodenasrivera.png<\/span>\n\t\t\t\t\t\t<\/span>\n\t\t\t\t<\/span><span class='av-structured-data'  itemprop=\"author\" itemscope=\"itemscope\" itemtype=\"https:\/\/schema.org\/Person\" ><span itemprop='name'>Rodenas<\/span><\/span><span class='av-structured-data'  itemprop=\"datePublished\" datetime=\"2022-01-28T10:49:56+00:00\" >2022-01-28 10:58:15<\/span><span class='av-structured-data'  itemprop=\"dateModified\" itemtype=\"https:\/\/schema.org\/dateModified\" >2022-01-28 11:01:26<\/span><span class='av-structured-data'  itemprop=\"mainEntityOfPage\" itemtype=\"https:\/\/schema.org\/mainEntityOfPage\" ><span itemprop='name'>Commited to sustainability<\/span><\/span><\/span><\/article><\/div><\/div><\/div>\n<\/div><\/div><\/div><!-- close content main div --><\/div><\/div><div id='after_section_3'  class='main_color av_default_container_wrap container_wrap sidebar_right'  ><div class='container av-section-cont-open' ><div class='template-page content  av-content-small alpha units'><div class='post-entry post-entry-type-page post-entry-2901'><div class='entry-content-wrapper clearfix'>\n","protected":false},"excerpt":{"rendered":"","protected":false},"author":1,"featured_media":0,"parent":0,"menu_order":0,"comment_status":"closed","ping_status":"closed","template":"","meta":{"footnotes":""},"class_list":["post-2901","page","type-page","status-publish","hentry"],"yoast_head":"<!-- This site is optimized with the Yoast SEO plugin v25.2 - https:\/\/yoast.com\/wordpress\/plugins\/seo\/ -->\n<title>News | R\u00f3denas &amp; Rivera<\/title>\n<meta name=\"robots\" content=\"index, follow, max-snippet:-1, max-image-preview:large, max-video-preview:-1\" \/>\n<link rel=\"canonical\" href=\"https:\/\/rodenasrivera.com\/en\/news\/\" \/>\n<meta property=\"og:locale\" content=\"en_US\" \/>\n<meta property=\"og:type\" content=\"article\" \/>\n<meta property=\"og:title\" content=\"News | R\u00f3denas &amp; Rivera\" \/>\n<meta property=\"og:url\" content=\"https:\/\/rodenasrivera.com\/en\/news\/\" \/>\n<meta property=\"og:site_name\" content=\"R\u00f3denas &amp; Rivera\" \/>\n<meta property=\"article:modified_time\" content=\"2022-03-04T08:42:15+00:00\" \/>\n<meta name=\"twitter:card\" content=\"summary_large_image\" \/>\n<meta name=\"twitter:label1\" content=\"Est. reading time\" \/>\n\t<meta name=\"twitter:data1\" content=\"2 minutes\" \/>\n<script type=\"application\/ld+json\" class=\"yoast-schema-graph\">{\"@context\":\"https:\/\/schema.org\",\"@graph\":[{\"@type\":\"WebPage\",\"@id\":\"https:\/\/rodenasrivera.com\/en\/news\/\",\"url\":\"https:\/\/rodenasrivera.com\/en\/news\/\",\"name\":\"News | R\u00f3denas &amp; Rivera\",\"isPartOf\":{\"@id\":\"https:\/\/rodenasrivera.com\/#website\"},\"datePublished\":\"2022-01-28T10:49:56+00:00\",\"dateModified\":\"2022-03-04T08:42:15+00:00\",\"breadcrumb\":{\"@id\":\"https:\/\/rodenasrivera.com\/en\/news\/#breadcrumb\"},\"inLanguage\":\"en-US\",\"potentialAction\":[{\"@type\":\"ReadAction\",\"target\":[\"https:\/\/rodenasrivera.com\/en\/news\/\"]}]},{\"@type\":\"BreadcrumbList\",\"@id\":\"https:\/\/rodenasrivera.com\/en\/news\/#breadcrumb\",\"itemListElement\":[{\"@type\":\"ListItem\",\"position\":1,\"name\":\"Portada\",\"item\":\"https:\/\/rodenasrivera.com\/en\/home\/\"},{\"@type\":\"ListItem\",\"position\":2,\"name\":\"News\"}]},{\"@type\":\"WebSite\",\"@id\":\"https:\/\/rodenasrivera.com\/#website\",\"url\":\"https:\/\/rodenasrivera.com\/\",\"name\":\"R\u00f3denas &amp; Rivera\",\"description\":\"Transformaci\u00f3n de pl\u00e1sticos\",\"publisher\":{\"@id\":\"https:\/\/rodenasrivera.com\/#organization\"},\"potentialAction\":[{\"@type\":\"SearchAction\",\"target\":{\"@type\":\"EntryPoint\",\"urlTemplate\":\"https:\/\/rodenasrivera.com\/?s={search_term_string}\"},\"query-input\":{\"@type\":\"PropertyValueSpecification\",\"valueRequired\":true,\"valueName\":\"search_term_string\"}}],\"inLanguage\":\"en-US\"},{\"@type\":\"Organization\",\"@id\":\"https:\/\/rodenasrivera.com\/#organization\",\"name\":\"R\u00f3denas y Ribera S.A.\",\"url\":\"https:\/\/rodenasrivera.com\/\",\"logo\":{\"@type\":\"ImageObject\",\"inLanguage\":\"en-US\",\"@id\":\"https:\/\/rodenasrivera.com\/#\/schema\/logo\/image\/\",\"url\":\"https:\/\/rodenasrivera.com\/wp-content\/uploads\/2021\/03\/logo-rodenas.png\",\"contentUrl\":\"https:\/\/rodenasrivera.com\/wp-content\/uploads\/2021\/03\/logo-rodenas.png\",\"width\":768,\"height\":295,\"caption\":\"R\u00f3denas y Ribera S.A.\"},\"image\":{\"@id\":\"https:\/\/rodenasrivera.com\/#\/schema\/logo\/image\/\"}}]}<\/script>\n<!-- \/ Yoast SEO plugin. -->","yoast_head_json":{"title":"News | R\u00f3denas &amp; Rivera","robots":{"index":"index","follow":"follow","max-snippet":"max-snippet:-1","max-image-preview":"max-image-preview:large","max-video-preview":"max-video-preview:-1"},"canonical":"https:\/\/rodenasrivera.com\/en\/news\/","og_locale":"en_US","og_type":"article","og_title":"News | R\u00f3denas &amp; Rivera","og_url":"https:\/\/rodenasrivera.com\/en\/news\/","og_site_name":"R\u00f3denas &amp; Rivera","article_modified_time":"2022-03-04T08:42:15+00:00","twitter_card":"summary_large_image","twitter_misc":{"Est. reading time":"2 minutes"},"schema":{"@context":"https:\/\/schema.org","@graph":[{"@type":"WebPage","@id":"https:\/\/rodenasrivera.com\/en\/news\/","url":"https:\/\/rodenasrivera.com\/en\/news\/","name":"News | R\u00f3denas &amp; Rivera","isPartOf":{"@id":"https:\/\/rodenasrivera.com\/#website"},"datePublished":"2022-01-28T10:49:56+00:00","dateModified":"2022-03-04T08:42:15+00:00","breadcrumb":{"@id":"https:\/\/rodenasrivera.com\/en\/news\/#breadcrumb"},"inLanguage":"en-US","potentialAction":[{"@type":"ReadAction","target":["https:\/\/rodenasrivera.com\/en\/news\/"]}]},{"@type":"BreadcrumbList","@id":"https:\/\/rodenasrivera.com\/en\/news\/#breadcrumb","itemListElement":[{"@type":"ListItem","position":1,"name":"Portada","item":"https:\/\/rodenasrivera.com\/en\/home\/"},{"@type":"ListItem","position":2,"name":"News"}]},{"@type":"WebSite","@id":"https:\/\/rodenasrivera.com\/#website","url":"https:\/\/rodenasrivera.com\/","name":"R\u00f3denas &amp; Rivera","description":"Transformaci\u00f3n de pl\u00e1sticos","publisher":{"@id":"https:\/\/rodenasrivera.com\/#organization"},"potentialAction":[{"@type":"SearchAction","target":{"@type":"EntryPoint","urlTemplate":"https:\/\/rodenasrivera.com\/?s={search_term_string}"},"query-input":{"@type":"PropertyValueSpecification","valueRequired":true,"valueName":"search_term_string"}}],"inLanguage":"en-US"},{"@type":"Organization","@id":"https:\/\/rodenasrivera.com\/#organization","name":"R\u00f3denas y Ribera S.A.","url":"https:\/\/rodenasrivera.com\/","logo":{"@type":"ImageObject","inLanguage":"en-US","@id":"https:\/\/rodenasrivera.com\/#\/schema\/logo\/image\/","url":"https:\/\/rodenasrivera.com\/wp-content\/uploads\/2021\/03\/logo-rodenas.png","contentUrl":"https:\/\/rodenasrivera.com\/wp-content\/uploads\/2021\/03\/logo-rodenas.png","width":768,"height":295,"caption":"R\u00f3denas y Ribera S.A."},"image":{"@id":"https:\/\/rodenasrivera.com\/#\/schema\/logo\/image\/"}}]}},"_links":{"self":[{"href":"https:\/\/rodenasrivera.com\/en\/wp-json\/wp\/v2\/pages\/2901","targetHints":{"allow":["GET"]}}],"collection":[{"href":"https:\/\/rodenasrivera.com\/en\/wp-json\/wp\/v2\/pages"}],"about":[{"href":"https:\/\/rodenasrivera.com\/en\/wp-json\/wp\/v2\/types\/page"}],"author":[{"embeddable":true,"href":"https:\/\/rodenasrivera.com\/en\/wp-json\/wp\/v2\/users\/1"}],"replies":[{"embeddable":true,"href":"https:\/\/rodenasrivera.com\/en\/wp-json\/wp\/v2\/comments?post=2901"}],"version-history":[{"count":0,"href":"https:\/\/rodenasrivera.com\/en\/wp-json\/wp\/v2\/pages\/2901\/revisions"}],"wp:attachment":[{"href":"https:\/\/rodenasrivera.com\/en\/wp-json\/wp\/v2\/media?parent=2901"}],"curies":[{"name":"wp","href":"https:\/\/api.w.org\/{rel}","templated":true}]}}