{"id":2931,"date":"2022-01-28T11:06:29","date_gmt":"2022-01-28T11:06:29","guid":{"rendered":"https:\/\/rodenasrivera.com\/food-industry\/containers-for-frozen-products\/"},"modified":"2022-01-28T11:17:06","modified_gmt":"2022-01-28T11:17:06","slug":"containers-for-frozen-products","status":"publish","type":"page","link":"https:\/\/rodenasrivera.com\/en\/food-industry\/containers-for-frozen-products\/","title":{"rendered":"Containers for frozen products"},"content":{"rendered":"\n<style type=\"text\/css\" data-created_by=\"avia_inline_auto\" id=\"style-css-av-2i4tv1-bd5615faee8e13d51ef743bffaf6904a\">\n.avia-section.av-2i4tv1-bd5615faee8e13d51ef743bffaf6904a{\nbackground-repeat:no-repeat;\nbackground-image:url(https:\/\/rodenasrivera.com\/wp-content\/uploads\/2018\/06\/cabecera-congelados.jpg);\nbackground-position:50% 50%;\nbackground-attachment:scroll;\n}\n.avia-section.av-2i4tv1-bd5615faee8e13d51ef743bffaf6904a .av-section-color-overlay{\nopacity:0.3;\nbackground-color:#0a0a0a;\n}\n<\/style>\n<div id='cabecera'  class='avia-section av-2i4tv1-bd5615faee8e13d51ef743bffaf6904a main_color avia-section-large avia-no-border-styling  avia-builder-el-0  el_before_av_layout_row  avia-builder-el-first  avia-full-stretch avia-bg-style-scroll av-section-color-overlay-active av-minimum-height av-minimum-height-custom av-height-custom  container_wrap sidebar_right'  data-section-bg-repeat='stretch' data-av_minimum_height_px='180'><div class=\"av-section-color-overlay-wrap\"><div class=\"av-section-color-overlay\"><\/div><div class='container av-section-cont-open' style='height:180px'><main  role=\"main\" itemprop=\"mainContentOfPage\"  class='template-page content  av-content-small alpha units'><div class='post-entry post-entry-type-page post-entry-2931'><div class='entry-content-wrapper clearfix'>\n<\/div><\/div><\/main><!-- close content main element --><\/div><\/div><\/div><div id='av-layout-grid-1'  class='av-layout-grid-container av-2e64jp-e3580a171f0fb4b951451f1fa2a67280 entry-content-wrapper main_color av-flex-cells  avia-builder-el-1  el_after_av_section  avia-builder-el-last  grilla-70 grid-row-not-first  container_wrap sidebar_right'  >\n\n<style type=\"text\/css\" data-created_by=\"avia_inline_auto\" id=\"style-css-av-27qbn1-23fb191c1539f3dc9698e768a8095072\">\n.flex_cell.av-27qbn1-23fb191c1539f3dc9698e768a8095072{\nvertical-align:top;\n}\n.responsive #top #wrap_all .flex_cell.av-27qbn1-23fb191c1539f3dc9698e768a8095072{\npadding:80px 50px 50px 50px !important;\n}\n<\/style>\n<div class='flex_cell av-27qbn1-23fb191c1539f3dc9698e768a8095072 av-gridrow-cell av_three_fourth no_margin  avia-builder-el-2  el_before_av_cell_one_fourth  avia-builder-el-first '  ><div class='flex_cell_inner'><p>\n<style type=\"text\/css\" data-created_by=\"avia_inline_auto\" id=\"style-css-av-kmp14is9-adfbc54a7df37d77adedc3c6e3d5329f\">\n#top .av-special-heading.av-kmp14is9-adfbc54a7df37d77adedc3c6e3d5329f{\npadding-bottom:10px;\ncolor:#0a0a0a;\nfont-size:25px;\n}\nbody .av-special-heading.av-kmp14is9-adfbc54a7df37d77adedc3c6e3d5329f .av-special-heading-tag .heading-char{\nfont-size:25px;\n}\n#top #wrap_all .av-special-heading.av-kmp14is9-adfbc54a7df37d77adedc3c6e3d5329f .av-special-heading-tag{\nfont-size:25px;\n}\n.av-special-heading.av-kmp14is9-adfbc54a7df37d77adedc3c6e3d5329f .special-heading-inner-border{\nborder-color:#0a0a0a;\n}\n.av-special-heading.av-kmp14is9-adfbc54a7df37d77adedc3c6e3d5329f .av-subheading{\nfont-size:15px;\n}\n\n@media only screen and (min-width: 480px) and (max-width: 767px){ \n#top #wrap_all .av-special-heading.av-kmp14is9-adfbc54a7df37d77adedc3c6e3d5329f .av-special-heading-tag{\nfont-size:0.8em;\n}\n}\n\n@media only screen and (max-width: 479px){ \n#top #wrap_all .av-special-heading.av-kmp14is9-adfbc54a7df37d77adedc3c6e3d5329f .av-special-heading-tag{\nfont-size:0.8em;\n}\n}\n<\/style>\n<div  class='av-special-heading av-kmp14is9-adfbc54a7df37d77adedc3c6e3d5329f av-special-heading-h2 custom-color-heading blockquote modern-quote  avia-builder-el-3  el_before_av_hr  avia-builder-el-first  av-thin-font av-inherit-size'><h2 class='av-special-heading-tag'  itemprop=\"headline\"  >Packaging solutions for <strong>frozen products<\/strong><\/h2><div class=\"special-heading-border\"><div class=\"special-heading-inner-border\"><\/div><\/div><\/div><br \/>\n\n<style type=\"text\/css\" data-created_by=\"avia_inline_auto\" id=\"style-css-av-1wrkzp-85775f66ed49252b53e90332d4c69bba\">\n#top .hr.av-1wrkzp-85775f66ed49252b53e90332d4c69bba{\nmargin-top:0px;\nmargin-bottom:20px;\n}\n.hr.av-1wrkzp-85775f66ed49252b53e90332d4c69bba .hr-inner{\nwidth:500px;\nborder-color:#ededed;\n}\n<\/style>\n<div  class='hr av-1wrkzp-85775f66ed49252b53e90332d4c69bba hr-custom  avia-builder-el-4  el_after_av_heading  el_before_av_textblock  hr-left hr-icon-no'><span class='hr-inner inner-border-av-border-thin'><span class=\"hr-inner-style\"><\/span><\/span><\/div><br \/>\n<section  class='av_textblock_section av-1obs9h-795a28a2852cad44bb895b5cc71e9c3e '   itemscope=\"itemscope\" itemtype=\"https:\/\/schema.org\/CreativeWork\" ><div class='avia_textblock'  itemprop=\"text\" ><p>R\u00f3denas &amp; Rivera offers a wide range of standard and customized flexible films for optimal preservation and creation of \u00a0<strong>packaging for frozen products<\/strong>, such as vegetables, fish, pre-cooked products, fruits, etc.<\/p>\n<p>We have experience in the frozen foods industry, so our complex films guarantee that your products are packaged safely and efficiently. Its most common application is vertical flow pack (VFFS).<\/p>\n<p>The most common frozen food products are:<\/p>\n<ul>\n<li>Vegetables<\/li>\n<li>Fish and seafood<\/li>\n<li>Fruits<\/li>\n<li>Precooked<\/li>\n<li>Ice pops<\/li>\n<li>Ice<\/li>\n<\/ul>\n<p>We have a wide variety of films available:<\/p>\n<ul>\n<li>Films for vertical flow pack packaging in transparent and white polyethylene.<\/li>\n<li>Films laminated with PE, CPP, BOPP.<\/li>\n<\/ul>\n<p>To offer a more attractive product, we have the latest technology in HD flexography with gloss and matte effects in register.<\/p>\n<\/div><\/section><br \/>\n\n<style type=\"text\/css\" data-created_by=\"avia_inline_auto\" id=\"style-css-av-2udg0-643a197bf52952570bf2eea9dd1cf078\">\n.flex_column.av-2udg0-643a197bf52952570bf2eea9dd1cf078{\nborder-radius:0px 0px 0px 0px;\npadding:0px 0px 0px 0px;\n}\n<\/style>\n<div  class='flex_column av-2udg0-643a197bf52952570bf2eea9dd1cf078 av_one_fourth  avia-builder-el-6  el_after_av_textblock  avia-builder-el-last  item-formato first flex_column_div av-zero-column-padding  column-top-margin'     ><p>\n<style type=\"text\/css\" data-created_by=\"avia_inline_auto\" id=\"style-css-av-jiubc5tb-ac40078cdbbd7782985382d56b643db1\">\n.avia-image-container.av-jiubc5tb-ac40078cdbbd7782985382d56b643db1 img.avia_image{\nbox-shadow:none;\n}\n.avia-image-container.av-jiubc5tb-ac40078cdbbd7782985382d56b643db1 .av-image-caption-overlay-center{\ncolor:#ffffff;\n}\n<\/style>\n<div  class='avia-image-container av-jiubc5tb-ac40078cdbbd7782985382d56b643db1 av-styling- avia-align-center  avia-builder-el-7  el_before_av_heading  avia-builder-el-first '   itemprop=\"image\" itemscope=\"itemscope\" itemtype=\"https:\/\/schema.org\/ImageObject\" ><div class=\"avia-image-container-inner\"><div class=\"avia-image-overlay-wrap\"><img decoding=\"async\" fetchpriority=\"high\" class='wp-image-1165 avia-img-lazy-loading-not-1165 avia_image ' src=\"https:\/\/rodenasrivera.com\/wp-content\/uploads\/2018\/10\/films-para-congelados-2.jpg\" alt='' title='films-para-congelados-2'  height=\"500\" width=\"500\"  itemprop=\"thumbnailUrl\" srcset=\"https:\/\/rodenasrivera.com\/wp-content\/uploads\/2018\/10\/films-para-congelados-2.jpg 500w, https:\/\/rodenasrivera.com\/wp-content\/uploads\/2018\/10\/films-para-congelados-2-80x80.jpg 80w, https:\/\/rodenasrivera.com\/wp-content\/uploads\/2018\/10\/films-para-congelados-2-300x300.jpg 300w, https:\/\/rodenasrivera.com\/wp-content\/uploads\/2018\/10\/films-para-congelados-2-36x36.jpg 36w, https:\/\/rodenasrivera.com\/wp-content\/uploads\/2018\/10\/films-para-congelados-2-180x180.jpg 180w, https:\/\/rodenasrivera.com\/wp-content\/uploads\/2018\/10\/films-para-congelados-2-120x120.jpg 120w, https:\/\/rodenasrivera.com\/wp-content\/uploads\/2018\/10\/films-para-congelados-2-450x450.jpg 450w, https:\/\/rodenasrivera.com\/wp-content\/uploads\/2018\/10\/films-para-congelados-2-100x100.jpg 100w\" sizes=\"(max-width: 500px) 100vw, 500px\" \/><\/div><\/div><\/div><br \/>\n\n<style type=\"text\/css\" data-created_by=\"avia_inline_auto\" id=\"style-css-av-76w19-498984be481246fc86c6d9b61c02e5b8\">\n#top .av-special-heading.av-76w19-498984be481246fc86c6d9b61c02e5b8{\npadding-bottom:10px;\n}\nbody .av-special-heading.av-76w19-498984be481246fc86c6d9b61c02e5b8 .av-special-heading-tag .heading-char{\nfont-size:25px;\n}\n.av-special-heading.av-76w19-498984be481246fc86c6d9b61c02e5b8 .av-subheading{\nfont-size:15px;\n}\n<\/style>\n<div  class='av-special-heading av-76w19-498984be481246fc86c6d9b61c02e5b8 av-special-heading-h3 blockquote modern-quote modern-centered  avia-builder-el-8  el_after_av_image  avia-builder-el-last '><h3 class='av-special-heading-tag'  itemprop=\"headline\"  >Vertical flow pack<\/h3><div class=\"special-heading-border\"><div class=\"special-heading-inner-border\"><\/div><\/div><\/div><\/p><\/div><\/p>\n<\/div><\/div>\n<style type=\"text\/css\" data-created_by=\"avia_inline_auto\" id=\"style-css-av-1ery6d-ddd6c0aacb5b5f9d144aa7a55dc12ef4\">\n.flex_cell.av-1ery6d-ddd6c0aacb5b5f9d144aa7a55dc12ef4{\nvertical-align:top;\n}\n.responsive #top #wrap_all .flex_cell.av-1ery6d-ddd6c0aacb5b5f9d144aa7a55dc12ef4{\npadding:80px 50px 50px 30px !important;\n}\n<\/style>\n<div class='flex_cell av-1ery6d-ddd6c0aacb5b5f9d144aa7a55dc12ef4 av-gridrow-cell av_one_fourth no_margin  avia-builder-el-9  el_after_av_cell_three_fourth  avia-builder-el-last  sidebar-sector'  ><div class='flex_cell_inner'>\n<style type=\"text\/css\" data-created_by=\"avia_inline_auto\" id=\"style-css-av-1ad64l-f52b041d73468482ee7182ba78694c30\">\n.flex_column.av-1ad64l-f52b041d73468482ee7182ba78694c30{\nborder-radius:0px 0px 0px 0px;\npadding:0px 0px 0px 0px;\n}\n<\/style>\n<div  class='flex_column av-1ad64l-f52b041d73468482ee7182ba78694c30 av_one_full  avia-builder-el-10  avia-builder-el-no-sibling  first flex_column_div av-zero-column-padding  '     ><div  class='avia-builder-widget-area clearfix  avia-builder-el-11  avia-builder-el-no-sibling '><div id=\"custom_html-14\" class=\"widget_text widget clearfix widget_custom_html\"><h3 class=\"widgettitle\">Contact us<\/h3><div class=\"textwidget custom-html-widget\">\n<div class=\"wpcf7 no-js\" id=\"wpcf7-f2305-o1\" lang=\"es-ES\" dir=\"ltr\" data-wpcf7-id=\"2305\">\n<div class=\"screen-reader-response\"><p role=\"status\" aria-live=\"polite\" aria-atomic=\"true\"><\/p> <ul><\/ul><\/div>\n<form action=\"\/en\/wp-json\/wp\/v2\/pages\/2931\/#wpcf7-f2305-o1\" method=\"post\" class=\"wpcf7-form init\" aria-label=\"Formulario de contacto\" novalidate=\"novalidate\" data-status=\"init\">\n<div style=\"display: none;\">\n<input type=\"hidden\" name=\"_wpcf7\" value=\"2305\" \/>\n<input type=\"hidden\" name=\"_wpcf7_version\" value=\"6.0.6\" \/>\n<input type=\"hidden\" name=\"_wpcf7_locale\" value=\"es_ES\" \/>\n<input type=\"hidden\" name=\"_wpcf7_unit_tag\" value=\"wpcf7-f2305-o1\" \/>\n<input type=\"hidden\" name=\"_wpcf7_container_post\" value=\"0\" \/>\n<input type=\"hidden\" name=\"_wpcf7_posted_data_hash\" value=\"\" \/>\n<input type=\"hidden\" name=\"_wpcf7dtx_version\" value=\"5.0.3\" \/>\n<input type=\"hidden\" name=\"_wpcf7_recaptcha_response\" value=\"\" \/>\n<\/div>\n<span class=\"wpcf7-form-control-wrap titulo-pagina\" data-name=\"titulo-pagina\"><input type=\"hidden\" name=\"titulo-pagina\" class=\"wpcf7-form-control wpcf7-hidden wpcf7dtx wpcf7dtx-hidden\" aria-invalid=\"false\"><\/span>\n<p><label>Name<\/label><br \/>\n<span class=\"wpcf7-form-control-wrap\" data-name=\"your-name\"><input size=\"40\" maxlength=\"400\" class=\"wpcf7-form-control wpcf7-text wpcf7-validates-as-required\" aria-required=\"true\" aria-invalid=\"false\" value=\"\" type=\"text\" name=\"your-name\" \/><\/span>\n<\/p>\n<p><label>Company<\/label><br \/>\n<span class=\"wpcf7-form-control-wrap\" data-name=\"your-company\"><input size=\"40\" maxlength=\"400\" class=\"wpcf7-form-control wpcf7-text wpcf7-validates-as-required\" aria-required=\"true\" aria-invalid=\"false\" value=\"\" type=\"text\" name=\"your-company\" \/><\/span>\n<\/p>\n<p><label>Location<\/label><br \/>\n<span class=\"wpcf7-form-control-wrap\" data-name=\"your-location\"><input size=\"40\" maxlength=\"400\" class=\"wpcf7-form-control wpcf7-text wpcf7-validates-as-required\" aria-required=\"true\" aria-invalid=\"false\" value=\"\" type=\"text\" name=\"your-location\" \/><\/span>\n<\/p>\n<p><label>Email<\/label><br \/>\n<span class=\"wpcf7-form-control-wrap\" data-name=\"your-email\"><input size=\"40\" maxlength=\"400\" class=\"wpcf7-form-control wpcf7-email wpcf7-validates-as-required wpcf7-text wpcf7-validates-as-email\" aria-required=\"true\" aria-invalid=\"false\" value=\"\" type=\"email\" name=\"your-email\" \/><\/span>\n<\/p>\n<p><label>Telephone<\/label><br \/>\n<span class=\"wpcf7-form-control-wrap\" data-name=\"telefono\"><input size=\"40\" maxlength=\"400\" class=\"wpcf7-form-control wpcf7-tel wpcf7-validates-as-required wpcf7-text wpcf7-validates-as-tel\" aria-required=\"true\" aria-invalid=\"false\" value=\"\" type=\"tel\" name=\"telefono\" \/><\/span>\n<\/p>\n<p><label>Type<\/label><br \/>\n<span class=\"wpcf7-form-control-wrap\" data-name=\"empresa\"><select class=\"wpcf7-form-control wpcf7-select wpcf7-validates-as-required\" aria-required=\"true\" aria-invalid=\"false\" name=\"empresa\"><option value=\"\">&#8212;Por favor, elige una opci\u00f3n&#8212;<\/option><option value=\"Fabricante envasador\">Fabricante envasador<\/option><option value=\"Convertidor\">Convertidor<\/option><option value=\"Distribuidor\">Distribuidor<\/option><option value=\"Otros\">Otros<\/option><\/select><\/span>\n<\/p>\n<p><label>Sector of interest<\/label><br \/>\n<span class=\"wpcf7-form-control-wrap\" data-name=\"sector\"><select class=\"wpcf7-form-control wpcf7-select wpcf7-validates-as-required\" aria-required=\"true\" aria-invalid=\"false\" name=\"sector\"><option value=\"\">&#8212;Por favor, elige una opci\u00f3n&#8212;<\/option><option value=\"Food Industry\">Food Industry<\/option><option value=\"Pharma and medical care\">Pharma and medical care<\/option><option value=\"Tissue\">Tissue<\/option><option value=\"Household and general cleaning\">Household and general cleaning<\/option><option value=\"Personal Care and Cosmetics\">Personal Care and Cosmetics<\/option><option value=\"Horticulture, agriculture and gardening\">Horticulture, agriculture and gardening<\/option><option value=\"Petrochemical\">Petrochemical<\/option><option value=\"Graphic Arts Industry\">Graphic Arts Industry<\/option><option value=\"Tapes\">Tapes<\/option><option value=\"Electrical Cables\">Electrical Cables<\/option><option value=\"Another\">Another<\/option><\/select><\/span>\n<\/p>\n<p><label>Menssage<\/label><br \/>\n<span class=\"wpcf7-form-control-wrap\" data-name=\"your-message\"><textarea cols=\"40\" rows=\"10\" maxlength=\"2000\" class=\"wpcf7-form-control wpcf7-textarea\" aria-invalid=\"false\" name=\"your-message\"><\/textarea><\/span>\n<\/p>\n<p><span class=\"wpcf7-form-control-wrap\" data-name=\"checkbox-786\"><span class=\"wpcf7-form-control wpcf7-checkbox wpcf7-validates-as-required\"><span class=\"wpcf7-list-item first last\"><label><input type=\"checkbox\" name=\"checkbox-786[]\" value=\"I Agree to the\" \/><span class=\"wpcf7-list-item-label\">I Agree to the<\/span><\/label><\/span><\/span><\/span><a href=\"https:\/\/rodenasrivera.com\/politica-privacidad\">Privacy Policy*<\/a>\n<\/p>\n<p><input class=\"wpcf7-form-control wpcf7-submit has-spinner\" type=\"submit\" value=\"Submit\" \/>\n<\/p><div class=\"wpcf7-response-output\" aria-hidden=\"true\"><\/div>\n<\/form>\n<\/div>\n<\/div><\/div><\/div><\/div>\n<\/div><\/div><\/div>\n","protected":false},"excerpt":{"rendered":"","protected":false},"author":1,"featured_media":0,"parent":2414,"menu_order":0,"comment_status":"closed","ping_status":"closed","template":"","meta":{"footnotes":""},"class_list":["post-2931","page","type-page","status-publish","hentry"],"yoast_head":"<!-- This site is optimized with the Yoast SEO plugin v25.2 - https:\/\/yoast.com\/wordpress\/plugins\/seo\/ -->\n<title>Containers for frozen products | Food packaging | R\u00f3denas &amp; Rivera<\/title>\n<meta name=\"description\" content=\"Get to know our range of films for food use intended for packaging for frozen foods. Discover our solutions\" \/>\n<meta name=\"robots\" content=\"index, follow, max-snippet:-1, max-image-preview:large, max-video-preview:-1\" \/>\n<link rel=\"canonical\" href=\"https:\/\/rodenasrivera.com\/en\/food-industry\/containers-for-frozen-products\/\" \/>\n<meta property=\"og:locale\" content=\"en_US\" \/>\n<meta property=\"og:type\" content=\"article\" \/>\n<meta property=\"og:title\" content=\"Containers for frozen products | Food packaging | R\u00f3denas &amp; Rivera\" \/>\n<meta property=\"og:description\" content=\"Get to know our range of films for food use intended for packaging for frozen foods. Discover our solutions\" \/>\n<meta property=\"og:url\" content=\"https:\/\/rodenasrivera.com\/en\/food-industry\/containers-for-frozen-products\/\" \/>\n<meta property=\"og:site_name\" content=\"R\u00f3denas &amp; Rivera\" \/>\n<meta property=\"article:modified_time\" content=\"2022-01-28T11:17:06+00:00\" \/>\n<meta name=\"twitter:card\" content=\"summary_large_image\" \/>\n<meta name=\"twitter:label1\" content=\"Est. reading time\" \/>\n\t<meta name=\"twitter:data1\" content=\"4 minutes\" \/>\n<script type=\"application\/ld+json\" class=\"yoast-schema-graph\">{\"@context\":\"https:\/\/schema.org\",\"@graph\":[{\"@type\":\"WebPage\",\"@id\":\"https:\/\/rodenasrivera.com\/en\/food-industry\/containers-for-frozen-products\/\",\"url\":\"https:\/\/rodenasrivera.com\/en\/food-industry\/containers-for-frozen-products\/\",\"name\":\"Containers for frozen products | Food packaging | R\u00f3denas &amp; Rivera\",\"isPartOf\":{\"@id\":\"https:\/\/rodenasrivera.com\/#website\"},\"datePublished\":\"2022-01-28T11:06:29+00:00\",\"dateModified\":\"2022-01-28T11:17:06+00:00\",\"description\":\"Get to know our range of films for food use intended for packaging for frozen foods. Discover our solutions\",\"breadcrumb\":{\"@id\":\"https:\/\/rodenasrivera.com\/en\/food-industry\/containers-for-frozen-products\/#breadcrumb\"},\"inLanguage\":\"en-US\",\"potentialAction\":[{\"@type\":\"ReadAction\",\"target\":[\"https:\/\/rodenasrivera.com\/en\/food-industry\/containers-for-frozen-products\/\"]}]},{\"@type\":\"BreadcrumbList\",\"@id\":\"https:\/\/rodenasrivera.com\/en\/food-industry\/containers-for-frozen-products\/#breadcrumb\",\"itemListElement\":[{\"@type\":\"ListItem\",\"position\":1,\"name\":\"Portada\",\"item\":\"https:\/\/rodenasrivera.com\/en\/home\/\"},{\"@type\":\"ListItem\",\"position\":2,\"name\":\"Food industry\",\"item\":\"https:\/\/rodenasrivera.com\/en\/food-industry\/\"},{\"@type\":\"ListItem\",\"position\":3,\"name\":\"Containers for frozen products\"}]},{\"@type\":\"WebSite\",\"@id\":\"https:\/\/rodenasrivera.com\/#website\",\"url\":\"https:\/\/rodenasrivera.com\/\",\"name\":\"R\u00f3denas &amp; Rivera\",\"description\":\"Transformaci\u00f3n de pl\u00e1sticos\",\"publisher\":{\"@id\":\"https:\/\/rodenasrivera.com\/#organization\"},\"potentialAction\":[{\"@type\":\"SearchAction\",\"target\":{\"@type\":\"EntryPoint\",\"urlTemplate\":\"https:\/\/rodenasrivera.com\/?s={search_term_string}\"},\"query-input\":{\"@type\":\"PropertyValueSpecification\",\"valueRequired\":true,\"valueName\":\"search_term_string\"}}],\"inLanguage\":\"en-US\"},{\"@type\":\"Organization\",\"@id\":\"https:\/\/rodenasrivera.com\/#organization\",\"name\":\"R\u00f3denas y Ribera S.A.\",\"url\":\"https:\/\/rodenasrivera.com\/\",\"logo\":{\"@type\":\"ImageObject\",\"inLanguage\":\"en-US\",\"@id\":\"https:\/\/rodenasrivera.com\/#\/schema\/logo\/image\/\",\"url\":\"https:\/\/rodenasrivera.com\/wp-content\/uploads\/2021\/03\/logo-rodenas.png\",\"contentUrl\":\"https:\/\/rodenasrivera.com\/wp-content\/uploads\/2021\/03\/logo-rodenas.png\",\"width\":768,\"height\":295,\"caption\":\"R\u00f3denas y Ribera S.A.\"},\"image\":{\"@id\":\"https:\/\/rodenasrivera.com\/#\/schema\/logo\/image\/\"}}]}<\/script>\n<!-- \/ Yoast SEO plugin. -->","yoast_head_json":{"title":"Containers for frozen products | Food packaging | R\u00f3denas &amp; Rivera","description":"Get to know our range of films for food use intended for packaging for frozen foods. Discover our solutions","robots":{"index":"index","follow":"follow","max-snippet":"max-snippet:-1","max-image-preview":"max-image-preview:large","max-video-preview":"max-video-preview:-1"},"canonical":"https:\/\/rodenasrivera.com\/en\/food-industry\/containers-for-frozen-products\/","og_locale":"en_US","og_type":"article","og_title":"Containers for frozen products | Food packaging | R\u00f3denas &amp; Rivera","og_description":"Get to know our range of films for food use intended for packaging for frozen foods. Discover our solutions","og_url":"https:\/\/rodenasrivera.com\/en\/food-industry\/containers-for-frozen-products\/","og_site_name":"R\u00f3denas &amp; Rivera","article_modified_time":"2022-01-28T11:17:06+00:00","twitter_card":"summary_large_image","twitter_misc":{"Est. reading time":"4 minutes"},"schema":{"@context":"https:\/\/schema.org","@graph":[{"@type":"WebPage","@id":"https:\/\/rodenasrivera.com\/en\/food-industry\/containers-for-frozen-products\/","url":"https:\/\/rodenasrivera.com\/en\/food-industry\/containers-for-frozen-products\/","name":"Containers for frozen products | Food packaging | R\u00f3denas &amp; Rivera","isPartOf":{"@id":"https:\/\/rodenasrivera.com\/#website"},"datePublished":"2022-01-28T11:06:29+00:00","dateModified":"2022-01-28T11:17:06+00:00","description":"Get to know our range of films for food use intended for packaging for frozen foods. Discover our solutions","breadcrumb":{"@id":"https:\/\/rodenasrivera.com\/en\/food-industry\/containers-for-frozen-products\/#breadcrumb"},"inLanguage":"en-US","potentialAction":[{"@type":"ReadAction","target":["https:\/\/rodenasrivera.com\/en\/food-industry\/containers-for-frozen-products\/"]}]},{"@type":"BreadcrumbList","@id":"https:\/\/rodenasrivera.com\/en\/food-industry\/containers-for-frozen-products\/#breadcrumb","itemListElement":[{"@type":"ListItem","position":1,"name":"Portada","item":"https:\/\/rodenasrivera.com\/en\/home\/"},{"@type":"ListItem","position":2,"name":"Food industry","item":"https:\/\/rodenasrivera.com\/en\/food-industry\/"},{"@type":"ListItem","position":3,"name":"Containers for frozen products"}]},{"@type":"WebSite","@id":"https:\/\/rodenasrivera.com\/#website","url":"https:\/\/rodenasrivera.com\/","name":"R\u00f3denas &amp; Rivera","description":"Transformaci\u00f3n de pl\u00e1sticos","publisher":{"@id":"https:\/\/rodenasrivera.com\/#organization"},"potentialAction":[{"@type":"SearchAction","target":{"@type":"EntryPoint","urlTemplate":"https:\/\/rodenasrivera.com\/?s={search_term_string}"},"query-input":{"@type":"PropertyValueSpecification","valueRequired":true,"valueName":"search_term_string"}}],"inLanguage":"en-US"},{"@type":"Organization","@id":"https:\/\/rodenasrivera.com\/#organization","name":"R\u00f3denas y Ribera S.A.","url":"https:\/\/rodenasrivera.com\/","logo":{"@type":"ImageObject","inLanguage":"en-US","@id":"https:\/\/rodenasrivera.com\/#\/schema\/logo\/image\/","url":"https:\/\/rodenasrivera.com\/wp-content\/uploads\/2021\/03\/logo-rodenas.png","contentUrl":"https:\/\/rodenasrivera.com\/wp-content\/uploads\/2021\/03\/logo-rodenas.png","width":768,"height":295,"caption":"R\u00f3denas y Ribera S.A."},"image":{"@id":"https:\/\/rodenasrivera.com\/#\/schema\/logo\/image\/"}}]}},"_links":{"self":[{"href":"https:\/\/rodenasrivera.com\/en\/wp-json\/wp\/v2\/pages\/2931","targetHints":{"allow":["GET"]}}],"collection":[{"href":"https:\/\/rodenasrivera.com\/en\/wp-json\/wp\/v2\/pages"}],"about":[{"href":"https:\/\/rodenasrivera.com\/en\/wp-json\/wp\/v2\/types\/page"}],"author":[{"embeddable":true,"href":"https:\/\/rodenasrivera.com\/en\/wp-json\/wp\/v2\/users\/1"}],"replies":[{"embeddable":true,"href":"https:\/\/rodenasrivera.com\/en\/wp-json\/wp\/v2\/comments?post=2931"}],"version-history":[{"count":0,"href":"https:\/\/rodenasrivera.com\/en\/wp-json\/wp\/v2\/pages\/2931\/revisions"}],"up":[{"embeddable":true,"href":"https:\/\/rodenasrivera.com\/en\/wp-json\/wp\/v2\/pages\/2414"}],"wp:attachment":[{"href":"https:\/\/rodenasrivera.com\/en\/wp-json\/wp\/v2\/media?parent=2931"}],"curies":[{"name":"wp","href":"https:\/\/api.w.org\/{rel}","templated":true}]}}