{"id":2970,"date":"2022-01-28T11:08:11","date_gmt":"2022-01-28T11:08:11","guid":{"rendered":"https:\/\/rodenasrivera.com\/human-resources\/"},"modified":"2022-03-04T08:43:04","modified_gmt":"2022-03-04T08:43:04","slug":"human-resources","status":"publish","type":"page","link":"https:\/\/rodenasrivera.com\/en\/human-resources\/","title":{"rendered":"Human Resources"},"content":{"rendered":"\n<style type=\"text\/css\" data-created_by=\"avia_inline_auto\" id=\"style-css-av-27j3jc-d4d6c811fc3462380262dc68a7396c4f\">\n.avia-section.av-27j3jc-d4d6c811fc3462380262dc68a7396c4f{\nbackground-repeat:no-repeat;\nbackground-image:url(https:\/\/rodenasrivera.com\/wp-content\/uploads\/2017\/11\/calidad-cabecera-2.jpg);\nbackground-position:50% 0%;\nbackground-attachment:scroll;\n}\n.avia-section.av-27j3jc-d4d6c811fc3462380262dc68a7396c4f .av-section-color-overlay{\nopacity:1;\n}\n<\/style>\n<div id='cabecera'  class='avia-section av-27j3jc-d4d6c811fc3462380262dc68a7396c4f main_color avia-section-large avia-no-border-styling  avia-builder-el-0  el_before_av_section  avia-builder-el-first  gradient avia-full-stretch avia-bg-style-scroll av-section-color-overlay-active av-minimum-height av-minimum-height-custom av-height-custom  container_wrap sidebar_right'  data-section-bg-repeat='stretch' data-av_minimum_height_px='180'><div class=\"av-section-color-overlay-wrap\"><div class=\"av-section-color-overlay\"><\/div><div class='container av-section-cont-open' style='height:180px'><main  role=\"main\" itemprop=\"mainContentOfPage\"  class='template-page content  av-content-small alpha units'><div class='post-entry post-entry-type-page post-entry-2970'><div class='entry-content-wrapper clearfix'>\n<\/div><\/div><\/main><!-- close content main element --><\/div><\/div><\/div>\n<style type=\"text\/css\" data-created_by=\"avia_inline_auto\" id=\"style-css-av-235br4-0fa846fcb71a462a3a9fb258f7339147\">\n.avia-section.av-235br4-0fa846fcb71a462a3a9fb258f7339147{\nbackground-color:#f6faf6;\nbackground-image:unset;\n}\n.avia-section.av-235br4-0fa846fcb71a462a3a9fb258f7339147 .av-extra-border-element .av-extra-border-inner{\nbackground-color:#f6faf6;\n}\n<\/style>\n<div id='recursos_humanos'  class='avia-section av-235br4-0fa846fcb71a462a3a9fb258f7339147 main_color avia-section-large avia-no-border-styling  avia-builder-el-1  el_after_av_section  el_before_av_section  avia-bg-style-scroll av-arrow-down-section container_wrap sidebar_right'  ><div class='container av-section-cont-open' ><div class='template-page content  av-content-small alpha units'><div class='post-entry post-entry-type-page post-entry-2970'><div class='entry-content-wrapper clearfix'>\n\n<style type=\"text\/css\" data-created_by=\"avia_inline_auto\" id=\"style-css-av-1woav4-fe5cbe8017ce8cbbacf62dffb140b020\">\n#top .hr.hr-invisible.av-1woav4-fe5cbe8017ce8cbbacf62dffb140b020{\nheight:10px;\n}\n<\/style>\n<div  class='hr av-1woav4-fe5cbe8017ce8cbbacf62dffb140b020 hr-invisible  avia-builder-el-2  el_before_av_one_half  avia-builder-el-first '><span class='hr-inner '><span class=\"hr-inner-style\"><\/span><\/span><\/div>\n\n<style type=\"text\/css\" data-created_by=\"avia_inline_auto\" id=\"style-css-av-1pvj4w-b89133049ee97df34d1452807fde17d4\">\n.flex_column.av-1pvj4w-b89133049ee97df34d1452807fde17d4{\nborder-radius:0px 0px 0px 0px;\npadding:0px 0px 0px 0px;\n}\n<\/style>\n<div  class='flex_column av-1pvj4w-b89133049ee97df34d1452807fde17d4 av_one_half  avia-builder-el-3  el_after_av_hr  el_before_av_one_half  first flex_column_div av-zero-column-padding  '     ><p>\n<style type=\"text\/css\" data-created_by=\"avia_inline_auto\" id=\"style-css-av-9jju0-49dfd59d948f794c948da9cc8b9f3982\">\n#top .av-special-heading.av-9jju0-49dfd59d948f794c948da9cc8b9f3982{\npadding-bottom:10px;\ncolor:#0a0a0a;\nfont-size:25px;\n}\nbody .av-special-heading.av-9jju0-49dfd59d948f794c948da9cc8b9f3982 .av-special-heading-tag .heading-char{\nfont-size:25px;\n}\n#top #wrap_all .av-special-heading.av-9jju0-49dfd59d948f794c948da9cc8b9f3982 .av-special-heading-tag{\nfont-size:25px;\n}\n.av-special-heading.av-9jju0-49dfd59d948f794c948da9cc8b9f3982 .special-heading-inner-border{\nborder-color:#0a0a0a;\n}\n.av-special-heading.av-9jju0-49dfd59d948f794c948da9cc8b9f3982 .av-subheading{\nfont-size:15px;\n}\n\n@media only screen and (min-width: 480px) and (max-width: 767px){ \n#top #wrap_all .av-special-heading.av-9jju0-49dfd59d948f794c948da9cc8b9f3982 .av-special-heading-tag{\nfont-size:0.8em;\n}\n}\n\n@media only screen and (max-width: 479px){ \n#top #wrap_all .av-special-heading.av-9jju0-49dfd59d948f794c948da9cc8b9f3982 .av-special-heading-tag{\nfont-size:0.8em;\n}\n}\n<\/style>\n<div  class='av-special-heading av-9jju0-49dfd59d948f794c948da9cc8b9f3982 av-special-heading-h2 custom-color-heading blockquote modern-quote  avia-builder-el-4  el_before_av_hr  avia-builder-el-first  av-thin-font av-inherit-size'><h2 class='av-special-heading-tag'  itemprop=\"headline\"  >The best <strong>professionals<\/strong><\/h2><div class=\"special-heading-border\"><div class=\"special-heading-inner-border\"><\/div><\/div><\/div><br \/>\n\n<style type=\"text\/css\" data-created_by=\"avia_inline_auto\" id=\"style-css-av-1cmfzc-6269ab72b26ce34b45a77899c61a0098\">\n#top .hr.av-1cmfzc-6269ab72b26ce34b45a77899c61a0098{\nmargin-top:0px;\nmargin-bottom:20px;\n}\n.hr.av-1cmfzc-6269ab72b26ce34b45a77899c61a0098 .hr-inner{\nwidth:100%;\nborder-color:#ededed;\n}\n<\/style>\n<div  class='hr av-1cmfzc-6269ab72b26ce34b45a77899c61a0098 hr-custom  avia-builder-el-5  el_after_av_heading  el_before_av_textblock  hr-left hr-icon-no'><span class='hr-inner inner-border-av-border-thin'><span class=\"hr-inner-style\"><\/span><\/span><\/div><br \/>\n<section  class='av_textblock_section av-18rrp4-add4639cb565721765697a5bb59a9940 '   itemscope=\"itemscope\" itemtype=\"https:\/\/schema.org\/CreativeWork\" ><div class='avia_textblock'  itemprop=\"text\" ><p>At R\u00f3denas &amp; Rivera, we know that our most important asset is the people who collaborate with us and make our evolution possible.<\/p>\n<p>Our team is made up of a diverse, professional, and dedicated group with many years of experience in the sector, who work every day looking for innovative solutions to offer the best service to all our clients.<\/p>\n<\/div><\/section><br \/>\n\n<style type=\"text\/css\" data-created_by=\"avia_inline_auto\" id=\"style-css-av-10h3ds-227ca7da6d084e6d0ebf8d65fb593bae\">\n#top .hr.hr-invisible.av-10h3ds-227ca7da6d084e6d0ebf8d65fb593bae{\nheight:40px;\n}\n<\/style>\n<div  class='hr av-10h3ds-227ca7da6d084e6d0ebf8d65fb593bae hr-invisible  avia-builder-el-7  el_after_av_textblock  avia-builder-el-last '><span class='hr-inner '><span class=\"hr-inner-style\"><\/span><\/span><\/div><\/p><\/div>\n<style type=\"text\/css\" data-created_by=\"avia_inline_auto\" id=\"style-css-av-1pvj4w-ed749ab3600d060c777ec91029e66890\">\n.flex_column.av-1pvj4w-ed749ab3600d060c777ec91029e66890{\nborder-radius:0px 0px 0px 0px;\npadding:0px 0px 0px 0px;\n}\n<\/style>\n<div  class='flex_column av-1pvj4w-ed749ab3600d060c777ec91029e66890 av_one_half  avia-builder-el-8  el_after_av_one_half  el_before_av_hr  flex_column_div av-zero-column-padding  '     ><style type=\"text\/css\" data-created_by=\"avia_inline_auto\" id=\"style-css-av-v5oy8-f64f57d00a9e6033e295fce60ca4d2c3\">\n.avia-image-container.av-v5oy8-f64f57d00a9e6033e295fce60ca4d2c3 img.avia_image{\nbox-shadow:none;\n}\n.avia-image-container.av-v5oy8-f64f57d00a9e6033e295fce60ca4d2c3 .av-image-caption-overlay-center{\ncolor:#ffffff;\n}\n<\/style>\n<div  class='avia-image-container av-v5oy8-f64f57d00a9e6033e295fce60ca4d2c3 av-styling- avia-align-center  avia-builder-el-9  avia-builder-el-no-sibling  sombra'   itemprop=\"image\" itemscope=\"itemscope\" itemtype=\"https:\/\/schema.org\/ImageObject\" ><div class=\"avia-image-container-inner\"><div class=\"avia-image-overlay-wrap\"><img decoding=\"async\" fetchpriority=\"high\" class='wp-image-725 avia-img-lazy-loading-not-725 avia_image ' src=\"https:\/\/rodenasrivera.com\/wp-content\/uploads\/2018\/06\/trabaja-con-nosotros-1000x630.jpg\" alt='' title='trabaja-con-nosotros'  height=\"630\" width=\"1000\"  itemprop=\"thumbnailUrl\"  \/><\/div><\/div><\/div><\/div>\n<style type=\"text\/css\" data-created_by=\"avia_inline_auto\" id=\"style-css-av-98k00-56ec1f2ec14d0eb86ca695ddc7394d27\">\n#top .hr.hr-invisible.av-98k00-56ec1f2ec14d0eb86ca695ddc7394d27{\nheight:10px;\n}\n<\/style>\n<div  class='hr av-98k00-56ec1f2ec14d0eb86ca695ddc7394d27 hr-invisible  avia-builder-el-10  el_after_av_one_half  avia-builder-el-last '><span class='hr-inner '><span class=\"hr-inner-style\"><\/span><\/span><\/div>\n<\/div><\/div><\/div><!-- close content main div --><\/div><div class='av-extra-border-element border-extra-arrow-down'><div class='av-extra-border-outer'><div class='av-extra-border-inner'><\/div><\/div><\/div><\/div><div id='tarjetas-rrhh'  class='avia-section av-joyq934k-5362b2120c4fc437f7da30442cbebd16 main_color avia-section-large avia-no-border-styling  avia-builder-el-11  el_after_av_section  avia-builder-el-last  avia-bg-style-scroll container_wrap sidebar_right'  ><div class='container av-section-cont-open' ><div class='template-page content  av-content-small alpha units'><div class='post-entry post-entry-type-page post-entry-2970'><div class='entry-content-wrapper clearfix'>\n<div class='flex_column_table av-t2ui8-e7287fc40a91c40580e8a48d04492a3c sc-av_one_half av-equal-height-column-flextable'>\n<style type=\"text\/css\" data-created_by=\"avia_inline_auto\" id=\"style-css-av-t2ui8-e7287fc40a91c40580e8a48d04492a3c\">\n.flex_column.av-t2ui8-e7287fc40a91c40580e8a48d04492a3c{\nborder-radius:0px 0px 0px 0px;\npadding:40px 40px 40px 40px;\n}\n<\/style>\n<div  class='flex_column av-t2ui8-e7287fc40a91c40580e8a48d04492a3c av_one_half  avia-builder-el-12  el_before_av_one_half  avia-builder-el-first  tarjeta contacto cv first flex_column_table_cell av-equal-height-column av-align-top  '     ><p>\n<style type=\"text\/css\" data-created_by=\"avia_inline_auto\" id=\"style-css-av-dl29c-be3477e9dc8c0c11bc689b79c0233ac8\">\n#top .av-special-heading.av-dl29c-be3477e9dc8c0c11bc689b79c0233ac8{\npadding-bottom:10px;\ncolor:#0a0a0a;\nfont-size:25px;\n}\nbody .av-special-heading.av-dl29c-be3477e9dc8c0c11bc689b79c0233ac8 .av-special-heading-tag .heading-char{\nfont-size:25px;\n}\n#top #wrap_all .av-special-heading.av-dl29c-be3477e9dc8c0c11bc689b79c0233ac8 .av-special-heading-tag{\nfont-size:25px;\n}\n.av-special-heading.av-dl29c-be3477e9dc8c0c11bc689b79c0233ac8 .special-heading-inner-border{\nborder-color:#0a0a0a;\n}\n.av-special-heading.av-dl29c-be3477e9dc8c0c11bc689b79c0233ac8 .av-subheading{\nfont-size:15px;\n}\n\n@media only screen and (min-width: 480px) and (max-width: 767px){ \n#top #wrap_all .av-special-heading.av-dl29c-be3477e9dc8c0c11bc689b79c0233ac8 .av-special-heading-tag{\nfont-size:0.8em;\n}\n}\n\n@media only screen and (max-width: 479px){ \n#top #wrap_all .av-special-heading.av-dl29c-be3477e9dc8c0c11bc689b79c0233ac8 .av-special-heading-tag{\nfont-size:0.8em;\n}\n}\n<\/style>\n<div  class='av-special-heading av-dl29c-be3477e9dc8c0c11bc689b79c0233ac8 av-special-heading-h3 custom-color-heading blockquote modern-quote  avia-builder-el-13  el_before_av_textblock  avia-builder-el-first  av-thin-font av-inherit-size'><h3 class='av-special-heading-tag'  itemprop=\"headline\"  >Send your<strong> R\u00e9sum\u00e9<\/strong><\/h3><div class=\"special-heading-border\"><div class=\"special-heading-inner-border\"><\/div><\/div><\/div><br \/>\n<section  class='av_textblock_section av-18rrp4-add4639cb565721765697a5bb59a9940 '   itemscope=\"itemscope\" itemtype=\"https:\/\/schema.org\/CreativeWork\" ><div class='avia_textblock'  itemprop=\"text\" ><p>We want to keep growing and have the best professionals, so if you want to be part of our team, send us your r\u00e9sum\u00e9.<\/p>\n<\/div><\/section><br \/>\n\n<style type=\"text\/css\" data-created_by=\"avia_inline_auto\" id=\"style-css-av-98k00-4073e8abe184a2ce5253007bb1158065\">\n#top .hr.hr-invisible.av-98k00-4073e8abe184a2ce5253007bb1158065{\nheight:30px;\n}\n<\/style>\n<div  class='hr av-98k00-4073e8abe184a2ce5253007bb1158065 hr-invisible  avia-builder-el-15  el_after_av_textblock  el_before_av_button '><span class='hr-inner '><span class=\"hr-inner-style\"><\/span><\/span><\/div><br \/>\n<div  class='avia-button-wrap av-josqzqs0-ac121fae899c21b57fa9db56d6aa50ec-wrap avia-button-left  avia-builder-el-16  el_after_av_hr  avia-builder-el-last '><a href='https:\/\/www.a3equipo.com\/PortalCandidato\/A3LabCandidatePortalUserLayer\/A3LabCandidateLogin.aspx?CC=itXwGurv78ezGxBX0p9V9g%3D%3D' class='avia-button av-josqzqs0-ac121fae899c21b57fa9db56d6aa50ec avia-icon_select-yes-left-icon avia-size-large avia-position-left av-icon-on-hover avia-color-theme-color' target=\"_blank\" rel=\"noopener noreferrer\"><span class='avia_button_icon avia_button_icon_left' aria-hidden='true' data-av_icon='' data-av_iconfont='icomoon'><\/span><span class='avia_iconbox_title' >Send<\/span><\/a><\/div><\/p><\/div><div class='av-flex-placeholder'><\/div>\n<style type=\"text\/css\" data-created_by=\"avia_inline_auto\" id=\"style-css-av-t2ui8-a9d214c112ac88cf3a9b9f450adcc8e9\">\n.flex_column.av-t2ui8-a9d214c112ac88cf3a9b9f450adcc8e9{\nborder-radius:0px 0px 0px 0px;\npadding:40px 40px 40px 40px;\n}\n<\/style>\n<div  class='flex_column av-t2ui8-a9d214c112ac88cf3a9b9f450adcc8e9 av_one_half  avia-builder-el-17  el_after_av_one_half  avia-builder-el-last  tarjeta contacto cv flex_column_table_cell av-equal-height-column av-align-top  '     ><p>\n<style type=\"text\/css\" data-created_by=\"avia_inline_auto\" id=\"style-css-av-8kcuw-2452d90fe528569aa9c0abe00740b355\">\n#top .av-special-heading.av-8kcuw-2452d90fe528569aa9c0abe00740b355{\npadding-bottom:10px;\ncolor:#0a0a0a;\nfont-size:25px;\n}\nbody .av-special-heading.av-8kcuw-2452d90fe528569aa9c0abe00740b355 .av-special-heading-tag .heading-char{\nfont-size:25px;\n}\n#top #wrap_all .av-special-heading.av-8kcuw-2452d90fe528569aa9c0abe00740b355 .av-special-heading-tag{\nfont-size:25px;\n}\n.av-special-heading.av-8kcuw-2452d90fe528569aa9c0abe00740b355 .special-heading-inner-border{\nborder-color:#0a0a0a;\n}\n.av-special-heading.av-8kcuw-2452d90fe528569aa9c0abe00740b355 .av-subheading{\nfont-size:15px;\n}\n\n@media only screen and (min-width: 480px) and (max-width: 767px){ \n#top #wrap_all .av-special-heading.av-8kcuw-2452d90fe528569aa9c0abe00740b355 .av-special-heading-tag{\nfont-size:0.8em;\n}\n}\n\n@media only screen and (max-width: 479px){ \n#top #wrap_all .av-special-heading.av-8kcuw-2452d90fe528569aa9c0abe00740b355 .av-special-heading-tag{\nfont-size:0.8em;\n}\n}\n<\/style>\n<div  class='av-special-heading av-8kcuw-2452d90fe528569aa9c0abe00740b355 av-special-heading-h3 custom-color-heading blockquote modern-quote  avia-builder-el-18  el_before_av_textblock  avia-builder-el-first  av-thin-font av-inherit-size'><h3 class='av-special-heading-tag'  itemprop=\"headline\"  ><strong>Job<\/strong> Offers<\/h3><div class=\"special-heading-border\"><div class=\"special-heading-inner-border\"><\/div><\/div><\/div><br \/>\n<section  class='av_textblock_section av-18rrp4-add4639cb565721765697a5bb59a9940 '   itemscope=\"itemscope\" itemtype=\"https:\/\/schema.org\/CreativeWork\" ><div class='avia_textblock'  itemprop=\"text\" ><p>Learn about the new job opportunities we currently have open:<\/p>\n<\/div><\/section><br \/>\n\n<style type=\"text\/css\" data-created_by=\"avia_inline_auto\" id=\"style-css-av-98k00-4073e8abe184a2ce5253007bb1158065\">\n#top .hr.hr-invisible.av-98k00-4073e8abe184a2ce5253007bb1158065{\nheight:30px;\n}\n<\/style>\n<div  class='hr av-98k00-4073e8abe184a2ce5253007bb1158065 hr-invisible  avia-builder-el-20  el_after_av_textblock  el_before_av_button '><span class='hr-inner '><span class=\"hr-inner-style\"><\/span><\/span><\/div><br \/>\n<div  class='avia-button-wrap av-josqzqs0-af1cfcadbc2996c13c37328da9c9e51f-wrap avia-button-left  avia-builder-el-21  el_after_av_hr  avia-builder-el-last '><a href='https:\/\/www.a3equipo.com\/PortalCandidato\/A3LabCandidatePortalUserLayer\/A3LabOffers.aspx?CC=itXwGurv78ezGxBX0p9V9g%3D%3D' class='avia-button av-josqzqs0-af1cfcadbc2996c13c37328da9c9e51f avia-icon_select-yes-left-icon avia-size-large avia-position-left av-icon-on-hover avia-color-theme-color' target=\"_blank\" rel=\"noopener noreferrer\"><span class='avia_button_icon avia_button_icon_left' aria-hidden='true' data-av_icon='' data-av_iconfont='icomoon'><\/span><span class='avia_iconbox_title' >See Offers<\/span><\/a><\/div><\/p><\/div><\/div><!--close column table wrapper. Autoclose: 1 -->\n<\/div><\/div><\/div><!-- close content main div --><\/div><\/div><div id='after_section_3'  class='main_color av_default_container_wrap container_wrap sidebar_right'  ><div class='container av-section-cont-open' ><div class='template-page content  av-content-small alpha units'><div class='post-entry post-entry-type-page post-entry-2970'><div class='entry-content-wrapper clearfix'><\/p>\n","protected":false},"excerpt":{"rendered":"","protected":false},"author":1,"featured_media":0,"parent":0,"menu_order":0,"comment_status":"closed","ping_status":"closed","template":"","meta":{"footnotes":""},"class_list":["post-2970","page","type-page","status-publish","hentry"],"yoast_head":"<!-- This site is optimized with the Yoast SEO plugin v25.2 - https:\/\/yoast.com\/wordpress\/plugins\/seo\/ -->\n<title>Human Resources | R\u00f3denas &amp; Rivera<\/title>\n<meta name=\"robots\" content=\"index, follow, max-snippet:-1, max-image-preview:large, max-video-preview:-1\" \/>\n<link rel=\"canonical\" href=\"https:\/\/rodenasrivera.com\/en\/human-resources\/\" \/>\n<meta property=\"og:locale\" content=\"en_US\" \/>\n<meta property=\"og:type\" content=\"article\" \/>\n<meta property=\"og:title\" content=\"Human Resources | R\u00f3denas &amp; Rivera\" \/>\n<meta property=\"og:url\" content=\"https:\/\/rodenasrivera.com\/en\/human-resources\/\" \/>\n<meta property=\"og:site_name\" content=\"R\u00f3denas &amp; Rivera\" \/>\n<meta property=\"article:modified_time\" content=\"2022-03-04T08:43:04+00:00\" \/>\n<meta name=\"twitter:card\" content=\"summary_large_image\" \/>\n<meta name=\"twitter:label1\" content=\"Est. reading time\" \/>\n\t<meta name=\"twitter:data1\" content=\"9 minutes\" \/>\n<script type=\"application\/ld+json\" class=\"yoast-schema-graph\">{\"@context\":\"https:\/\/schema.org\",\"@graph\":[{\"@type\":\"WebPage\",\"@id\":\"https:\/\/rodenasrivera.com\/en\/human-resources\/\",\"url\":\"https:\/\/rodenasrivera.com\/en\/human-resources\/\",\"name\":\"Human Resources | R\u00f3denas &amp; Rivera\",\"isPartOf\":{\"@id\":\"https:\/\/rodenasrivera.com\/#website\"},\"datePublished\":\"2022-01-28T11:08:11+00:00\",\"dateModified\":\"2022-03-04T08:43:04+00:00\",\"breadcrumb\":{\"@id\":\"https:\/\/rodenasrivera.com\/en\/human-resources\/#breadcrumb\"},\"inLanguage\":\"en-US\",\"potentialAction\":[{\"@type\":\"ReadAction\",\"target\":[\"https:\/\/rodenasrivera.com\/en\/human-resources\/\"]}]},{\"@type\":\"BreadcrumbList\",\"@id\":\"https:\/\/rodenasrivera.com\/en\/human-resources\/#breadcrumb\",\"itemListElement\":[{\"@type\":\"ListItem\",\"position\":1,\"name\":\"Portada\",\"item\":\"https:\/\/rodenasrivera.com\/en\/home\/\"},{\"@type\":\"ListItem\",\"position\":2,\"name\":\"Human Resources\"}]},{\"@type\":\"WebSite\",\"@id\":\"https:\/\/rodenasrivera.com\/#website\",\"url\":\"https:\/\/rodenasrivera.com\/\",\"name\":\"R\u00f3denas &amp; Rivera\",\"description\":\"Transformaci\u00f3n de pl\u00e1sticos\",\"publisher\":{\"@id\":\"https:\/\/rodenasrivera.com\/#organization\"},\"potentialAction\":[{\"@type\":\"SearchAction\",\"target\":{\"@type\":\"EntryPoint\",\"urlTemplate\":\"https:\/\/rodenasrivera.com\/?s={search_term_string}\"},\"query-input\":{\"@type\":\"PropertyValueSpecification\",\"valueRequired\":true,\"valueName\":\"search_term_string\"}}],\"inLanguage\":\"en-US\"},{\"@type\":\"Organization\",\"@id\":\"https:\/\/rodenasrivera.com\/#organization\",\"name\":\"R\u00f3denas y Ribera S.A.\",\"url\":\"https:\/\/rodenasrivera.com\/\",\"logo\":{\"@type\":\"ImageObject\",\"inLanguage\":\"en-US\",\"@id\":\"https:\/\/rodenasrivera.com\/#\/schema\/logo\/image\/\",\"url\":\"https:\/\/rodenasrivera.com\/wp-content\/uploads\/2021\/03\/logo-rodenas.png\",\"contentUrl\":\"https:\/\/rodenasrivera.com\/wp-content\/uploads\/2021\/03\/logo-rodenas.png\",\"width\":768,\"height\":295,\"caption\":\"R\u00f3denas y Ribera S.A.\"},\"image\":{\"@id\":\"https:\/\/rodenasrivera.com\/#\/schema\/logo\/image\/\"}}]}<\/script>\n<!-- \/ Yoast SEO plugin. -->","yoast_head_json":{"title":"Human Resources | R\u00f3denas &amp; Rivera","robots":{"index":"index","follow":"follow","max-snippet":"max-snippet:-1","max-image-preview":"max-image-preview:large","max-video-preview":"max-video-preview:-1"},"canonical":"https:\/\/rodenasrivera.com\/en\/human-resources\/","og_locale":"en_US","og_type":"article","og_title":"Human Resources | R\u00f3denas &amp; Rivera","og_url":"https:\/\/rodenasrivera.com\/en\/human-resources\/","og_site_name":"R\u00f3denas &amp; Rivera","article_modified_time":"2022-03-04T08:43:04+00:00","twitter_card":"summary_large_image","twitter_misc":{"Est. reading time":"9 minutes"},"schema":{"@context":"https:\/\/schema.org","@graph":[{"@type":"WebPage","@id":"https:\/\/rodenasrivera.com\/en\/human-resources\/","url":"https:\/\/rodenasrivera.com\/en\/human-resources\/","name":"Human Resources | R\u00f3denas &amp; Rivera","isPartOf":{"@id":"https:\/\/rodenasrivera.com\/#website"},"datePublished":"2022-01-28T11:08:11+00:00","dateModified":"2022-03-04T08:43:04+00:00","breadcrumb":{"@id":"https:\/\/rodenasrivera.com\/en\/human-resources\/#breadcrumb"},"inLanguage":"en-US","potentialAction":[{"@type":"ReadAction","target":["https:\/\/rodenasrivera.com\/en\/human-resources\/"]}]},{"@type":"BreadcrumbList","@id":"https:\/\/rodenasrivera.com\/en\/human-resources\/#breadcrumb","itemListElement":[{"@type":"ListItem","position":1,"name":"Portada","item":"https:\/\/rodenasrivera.com\/en\/home\/"},{"@type":"ListItem","position":2,"name":"Human Resources"}]},{"@type":"WebSite","@id":"https:\/\/rodenasrivera.com\/#website","url":"https:\/\/rodenasrivera.com\/","name":"R\u00f3denas &amp; Rivera","description":"Transformaci\u00f3n de pl\u00e1sticos","publisher":{"@id":"https:\/\/rodenasrivera.com\/#organization"},"potentialAction":[{"@type":"SearchAction","target":{"@type":"EntryPoint","urlTemplate":"https:\/\/rodenasrivera.com\/?s={search_term_string}"},"query-input":{"@type":"PropertyValueSpecification","valueRequired":true,"valueName":"search_term_string"}}],"inLanguage":"en-US"},{"@type":"Organization","@id":"https:\/\/rodenasrivera.com\/#organization","name":"R\u00f3denas y Ribera S.A.","url":"https:\/\/rodenasrivera.com\/","logo":{"@type":"ImageObject","inLanguage":"en-US","@id":"https:\/\/rodenasrivera.com\/#\/schema\/logo\/image\/","url":"https:\/\/rodenasrivera.com\/wp-content\/uploads\/2021\/03\/logo-rodenas.png","contentUrl":"https:\/\/rodenasrivera.com\/wp-content\/uploads\/2021\/03\/logo-rodenas.png","width":768,"height":295,"caption":"R\u00f3denas y Ribera S.A."},"image":{"@id":"https:\/\/rodenasrivera.com\/#\/schema\/logo\/image\/"}}]}},"_links":{"self":[{"href":"https:\/\/rodenasrivera.com\/en\/wp-json\/wp\/v2\/pages\/2970","targetHints":{"allow":["GET"]}}],"collection":[{"href":"https:\/\/rodenasrivera.com\/en\/wp-json\/wp\/v2\/pages"}],"about":[{"href":"https:\/\/rodenasrivera.com\/en\/wp-json\/wp\/v2\/types\/page"}],"author":[{"embeddable":true,"href":"https:\/\/rodenasrivera.com\/en\/wp-json\/wp\/v2\/users\/1"}],"replies":[{"embeddable":true,"href":"https:\/\/rodenasrivera.com\/en\/wp-json\/wp\/v2\/comments?post=2970"}],"version-history":[{"count":0,"href":"https:\/\/rodenasrivera.com\/en\/wp-json\/wp\/v2\/pages\/2970\/revisions"}],"wp:attachment":[{"href":"https:\/\/rodenasrivera.com\/en\/wp-json\/wp\/v2\/media?parent=2970"}],"curies":[{"name":"wp","href":"https:\/\/api.w.org\/{rel}","templated":true}]}}